{"id":100,"date":"2020-03-27T09:00:13","date_gmt":"2020-03-27T08:00:13","guid":{"rendered":"http:\/\/www.farnostliskovec.cz\/?page_id=100"},"modified":"2026-04-18T15:51:03","modified_gmt":"2026-04-18T14:51:03","slug":"aktuality","status":"publish","type":"page","link":"https:\/\/www.farnostliskovec.cz\/?page_id=100","title":{"rendered":"Ohl\u00e1\u0161ky JOH\u00c1NEK"},"content":{"rendered":"\n<figure class=\"wp-block-image size-large\"><a href=\"https:\/\/www.farnostliskovec.cz\/wp-content\/uploads\/2026\/04\/0001-3.jpg\"><img loading=\"lazy\" decoding=\"async\" width=\"724\" height=\"1024\" src=\"https:\/\/www.farnostliskovec.cz\/wp-content\/uploads\/2026\/04\/0001-3-724x1024.jpg\" alt=\"\" class=\"wp-image-4963\" srcset=\"https:\/\/www.farnostliskovec.cz\/wp-content\/uploads\/2026\/04\/0001-3-724x1024.jpg 724w, https:\/\/www.farnostliskovec.cz\/wp-content\/uploads\/2026\/04\/0001-3-212x300.jpg 212w, https:\/\/www.farnostliskovec.cz\/wp-content\/uploads\/2026\/04\/0001-3-768x1087.jpg 768w, https:\/\/www.farnostliskovec.cz\/wp-content\/uploads\/2026\/04\/0001-3-1085x1536.jpg 1085w, https:\/\/www.farnostliskovec.cz\/wp-content\/uploads\/2026\/04\/0001-3.jpg 1190w\" sizes=\"auto, (max-width: 724px) 100vw, 724px\" \/><\/a><\/figure>\n\n\n\n<figure class=\"wp-block-image size-large\"><a href=\"https:\/\/www.farnostliskovec.cz\/wp-content\/uploads\/2026\/04\/0002-3.jpg\"><img loading=\"lazy\" decoding=\"async\" width=\"724\" height=\"1024\" src=\"https:\/\/www.farnostliskovec.cz\/wp-content\/uploads\/2026\/04\/0002-3-724x1024.jpg\" alt=\"\" class=\"wp-image-4964\" srcset=\"https:\/\/www.farnostliskovec.cz\/wp-content\/uploads\/2026\/04\/0002-3-724x1024.jpg 724w, https:\/\/www.farnostliskovec.cz\/wp-content\/uploads\/2026\/04\/0002-3-212x300.jpg 212w, https:\/\/www.farnostliskovec.cz\/wp-content\/uploads\/2026\/04\/0002-3-768x1087.jpg 768w, https:\/\/www.farnostliskovec.cz\/wp-content\/uploads\/2026\/04\/0002-3-1085x1536.jpg 1085w, https:\/\/www.farnostliskovec.cz\/wp-content\/uploads\/2026\/04\/0002-3.jpg 1190w\" sizes=\"auto, (max-width: 724px) 100vw, 724px\" \/><\/a><\/figure>\n","protected":false},"excerpt":{"rendered":"","protected":false},"author":4,"featured_media":0,"parent":0,"menu_order":1,"comment_status":"closed","ping_status":"closed","template":"","meta":{"footnotes":""},"class_list":["post-100","page","type-page","status-publish","hentry","no-thumb"],"_links":{"self":[{"href":"https:\/\/www.farnostliskovec.cz\/index.php?rest_route=\/wp\/v2\/pages\/100","targetHints":{"allow":["GET"]}}],"collection":[{"href":"https:\/\/www.farnostliskovec.cz\/index.php?rest_route=\/wp\/v2\/pages"}],"about":[{"href":"https:\/\/www.farnostliskovec.cz\/index.php?rest_route=\/wp\/v2\/types\/page"}],"author":[{"embeddable":true,"href":"https:\/\/www.farnostliskovec.cz\/index.php?rest_route=\/wp\/v2\/users\/4"}],"replies":[{"embeddable":true,"href":"https:\/\/www.farnostliskovec.cz\/index.php?rest_route=%2Fwp%2Fv2%2Fcomments&post=100"}],"version-history":[{"count":1649,"href":"https:\/\/www.farnostliskovec.cz\/index.php?rest_route=\/wp\/v2\/pages\/100\/revisions"}],"predecessor-version":[{"id":4965,"href":"https:\/\/www.farnostliskovec.cz\/index.php?rest_route=\/wp\/v2\/pages\/100\/revisions\/4965"}],"wp:attachment":[{"href":"https:\/\/www.farnostliskovec.cz\/index.php?rest_route=%2Fwp%2Fv2%2Fmedia&parent=100"}],"curies":[{"name":"wp","href":"https:\/\/api.w.org\/{rel}","templated":true}]}}