{"id":167,"date":"2014-04-05T15:38:58","date_gmt":"2014-04-05T14:38:58","guid":{"rendered":"http:\/\/www.farnostliskovec.cz\/?page_id=167"},"modified":"2025-10-22T14:58:20","modified_gmt":"2025-10-22T13:58:20","slug":"kontakt","status":"publish","type":"page","link":"https:\/\/www.farnostliskovec.cz\/?page_id=167","title":{"rendered":"Kontakt"},"content":{"rendered":"<h4><strong>\u0158\u00edmskokatolick\u00e1 farnost u kostela sv. Jana Nepomuck\u00e9ho, Brno-L\u00edskovec<\/strong><\/h4>\n<p>P. Petr Ko\u0161uli\u010d<br \/>\nEli\u0161ky P\u0159emyslovny 27<br \/>\n625 00 Brno<\/p>\n<p>mobil: +420 604 538 482<br \/>\ne-mail: brno-liskovec@dieceze.cz<br \/>\n<a href=\"https:\/\/www.farnostliskovec.cz\/\">https:\/\/www.farnostliskovec.cz<\/a><\/p>\n<h4 class=\"widget-title\">\u00da\u0159edn\u00ed hodiny<\/h4>\n<div class=\"textwidget\">\n<p>pond\u011bl\u00ed 16.00-17.00 hod.<br \/>\nst\u0159eda 16.00-17.00 hod.<\/p>\n<\/div>\n<h4>Bankovn\u00ed spojen\u00ed<\/h4>\n<p>\u010cesk\u00e1 spo\u0159itelna, a. s.<br \/>\n\u010d\u00edslo \u00fa\u010dtu: 6182602359\/0800<\/p>\n<p>I\u010c: 64327728<br \/>\nDI\u010c: CZ64327728<\/p>\n","protected":false},"excerpt":{"rendered":"<p>\u0158\u00edmskokatolick\u00e1 farnost u kostela sv. Jana Nepomuck\u00e9ho, Brno-L\u00edskovec P. Petr Ko\u0161uli\u010d Eli\u0161ky P\u0159emyslovny 27 625 00 Brno mobil: +420 604 538 482 e-mail: brno-liskovec@dieceze.cz https:\/\/www.farnostliskovec.cz \u00da\u0159edn\u00ed hodiny pond\u011bl\u00ed 16.00-17.00 hod. st\u0159eda 16.00-17.00 hod. Bankovn\u00ed spojen\u00ed \u010cesk\u00e1 spo\u0159itelna, a. s. \u010d\u00edslo \u00fa\u010dtu: 6182602359\/0800 I\u010c: 64327728 DI\u010c: CZ64327728<\/p>\n","protected":false},"author":1,"featured_media":0,"parent":0,"menu_order":6,"comment_status":"closed","ping_status":"closed","template":"","meta":{"footnotes":""},"class_list":["post-167","page","type-page","status-publish","hentry","no-thumb"],"_links":{"self":[{"href":"https:\/\/www.farnostliskovec.cz\/index.php?rest_route=\/wp\/v2\/pages\/167","targetHints":{"allow":["GET"]}}],"collection":[{"href":"https:\/\/www.farnostliskovec.cz\/index.php?rest_route=\/wp\/v2\/pages"}],"about":[{"href":"https:\/\/www.farnostliskovec.cz\/index.php?rest_route=\/wp\/v2\/types\/page"}],"author":[{"embeddable":true,"href":"https:\/\/www.farnostliskovec.cz\/index.php?rest_route=\/wp\/v2\/users\/1"}],"replies":[{"embeddable":true,"href":"https:\/\/www.farnostliskovec.cz\/index.php?rest_route=%2Fwp%2Fv2%2Fcomments&post=167"}],"version-history":[{"count":10,"href":"https:\/\/www.farnostliskovec.cz\/index.php?rest_route=\/wp\/v2\/pages\/167\/revisions"}],"predecessor-version":[{"id":4765,"href":"https:\/\/www.farnostliskovec.cz\/index.php?rest_route=\/wp\/v2\/pages\/167\/revisions\/4765"}],"wp:attachment":[{"href":"https:\/\/www.farnostliskovec.cz\/index.php?rest_route=%2Fwp%2Fv2%2Fmedia&parent=167"}],"curies":[{"name":"wp","href":"https:\/\/api.w.org\/{rel}","templated":true}]}}