{"id":1739,"date":"2018-06-23T12:54:47","date_gmt":"2018-06-23T11:54:47","guid":{"rendered":"http:\/\/www.farnostliskovec.cz\/?page_id=1739"},"modified":"2019-04-23T15:00:48","modified_gmt":"2019-04-23T14:00:48","slug":"bohosluzba","status":"publish","type":"page","link":"https:\/\/www.farnostliskovec.cz\/?page_id=1739","title":{"rendered":"Bohoslu\u017eba"},"content":{"rendered":"<div id=\"pl-gb1739-6a092aafb19d2\"  class=\"panel-layout\" ><div id=\"pg-gb1739-6a092aafb19d2-0\"  class=\"panel-grid panel-no-style\" ><div id=\"pgc-gb1739-6a092aafb19d2-0-0\"  class=\"panel-grid-cell\" ><div id=\"panel-gb1739-6a092aafb19d2-0-0-0\" class=\"so-panel widget widget_nav_menu panel-first-child panel-last-child\" data-index=\"0\" ><div class=\"menu-bohosluzba-container\"><ul id=\"menu-bohosluzba\" class=\"menu\"><li id=\"menu-item-2016\" class=\"menu-item menu-item-type-post_type menu-item-object-page menu-item-2016\"><a href=\"https:\/\/www.farnostliskovec.cz\/?page_id=6\">Bohoslu\u017eby<\/a><\/li>\n<li id=\"menu-item-2967\" class=\"menu-item menu-item-type-post_type menu-item-object-page menu-item-2967\"><a href=\"https:\/\/www.farnostliskovec.cz\/?page_id=100\">Ohl\u00e1\u0161ky<\/a><\/li>\n<li id=\"menu-item-2275\" class=\"menu-item menu-item-type-post_type menu-item-object-page menu-item-2275\"><a href=\"https:\/\/www.farnostliskovec.cz\/?page_id=2110\">Individu\u00e1ln\u00ed sv\u00e1tosti<\/a><\/li>\n<li id=\"menu-item-2014\" class=\"menu-item menu-item-type-post_type menu-item-object-page menu-item-2014\"><a href=\"https:\/\/www.farnostliskovec.cz\/?page_id=58\">Poh\u0159eb \u010di krema\u010dn\u00ed rozlou\u010den\u00ed<\/a><\/li>\n<li id=\"menu-item-2013\" class=\"menu-item menu-item-type-post_type menu-item-object-page menu-item-2013\"><a href=\"https:\/\/www.farnostliskovec.cz\/?page_id=60\">M\u0161e svat\u00e1 na \u00famysl d\u00e1rce (intence)<\/a><\/li>\n<\/ul><\/div><\/div><\/div><\/div><\/div>","protected":false},"excerpt":{"rendered":"","protected":false},"author":2,"featured_media":0,"parent":0,"menu_order":0,"comment_status":"closed","ping_status":"closed","template":"","meta":{"footnotes":""},"class_list":["post-1739","page","type-page","status-publish","hentry","no-thumb"],"_links":{"self":[{"href":"https:\/\/www.farnostliskovec.cz\/index.php?rest_route=\/wp\/v2\/pages\/1739","targetHints":{"allow":["GET"]}}],"collection":[{"href":"https:\/\/www.farnostliskovec.cz\/index.php?rest_route=\/wp\/v2\/pages"}],"about":[{"href":"https:\/\/www.farnostliskovec.cz\/index.php?rest_route=\/wp\/v2\/types\/page"}],"author":[{"embeddable":true,"href":"https:\/\/www.farnostliskovec.cz\/index.php?rest_route=\/wp\/v2\/users\/2"}],"replies":[{"embeddable":true,"href":"https:\/\/www.farnostliskovec.cz\/index.php?rest_route=%2Fwp%2Fv2%2Fcomments&post=1739"}],"version-history":[{"count":6,"href":"https:\/\/www.farnostliskovec.cz\/index.php?rest_route=\/wp\/v2\/pages\/1739\/revisions"}],"predecessor-version":[{"id":2433,"href":"https:\/\/www.farnostliskovec.cz\/index.php?rest_route=\/wp\/v2\/pages\/1739\/revisions\/2433"}],"wp:attachment":[{"href":"https:\/\/www.farnostliskovec.cz\/index.php?rest_route=%2Fwp%2Fv2%2Fmedia&parent=1739"}],"curies":[{"name":"wp","href":"https:\/\/api.w.org\/{rel}","templated":true}]}}