{"id":1809,"date":"2018-11-26T15:28:51","date_gmt":"2018-11-26T14:28:51","guid":{"rendered":"http:\/\/www.farnostliskovec.cz\/?page_id=1809"},"modified":"2026-03-12T16:11:34","modified_gmt":"2026-03-12T15:11:34","slug":"uvod","status":"publish","type":"page","link":"https:\/\/www.farnostliskovec.cz\/","title":{"rendered":"\u00davod"},"content":{"rendered":"<div id=\"pl-1809\"  class=\"panel-layout\" ><div id=\"pg-1809-0\"  class=\"panel-grid panel-has-style\"  style=\"margin-bottom: 0px\" ><div class=\"siteorigin-panels-stretch panel-row-style panel-row-style-for-1809-0\" data-stretch-type=\"full-width-stretch\" ><div id=\"pgc-1809-0-0\"  class=\"panel-grid-cell\" ><div id=\"panel-1809-0-0-0\" class=\"so-panel widget widget_sow-hero panel-first-child panel-last-child\" data-index=\"0\" style=\"margin: 0px 0px 0px 0px;\" ><div style=\"padding: 0px 0px 0px 0px;\" class=\"panel-widget-style panel-widget-style-for-1809-0-0-0\" ><div\n\t\t\t\n\t\t\tclass=\"so-widget-sow-hero so-widget-sow-hero-default-164446403191-1809 so-widget-fittext-wrapper\"\n\t\t\t\n\t\t>\t\t\t\t<div class=\"sow-slider-base\" style=\"display: none\" tabindex=\"0\">\n\t\t\t\t\t<ul\n\t\t\t\t\tclass=\"sow-slider-images\"\n\t\t\t\t\tdata-settings=\"{&quot;pagination&quot;:true,&quot;speed&quot;:800,&quot;timeout&quot;:8000,&quot;paused&quot;:false,&quot;pause_on_hover&quot;:false,&quot;swipe&quot;:true,&quot;nav_always_show_desktop&quot;:&quot;&quot;,&quot;nav_always_show_mobile&quot;:&quot;&quot;,&quot;breakpoint&quot;:&quot;780px&quot;,&quot;unmute&quot;:false,&quot;anchor&quot;:null}\"\n\t\t\t\t\t\t\t\t\t\tdata-anchor-id=\"\"\n\t\t\t\t>\t\t<li class=\"sow-slider-image  sow-slider-image-cover\" style=\"visibility: visible;;background-color: #222222\" >\n\t\t\t\t\t<div class=\"sow-slider-image-container\">\n\t\t\t<div class=\"sow-slider-image-wrapper\">\n\t\t\t\t<h1 style=\"text-align: center\">J\u00e1 jsem cesta, pravda a \u017eivot...<br \/>(Jan 14,6)<\/h1>\n<p style=\"text-align: center\">Dnes, v\u00edce ne\u017e kdy jindy, se mus\u00edme modlit<br \/>za sv\u011btlo, abychom poznali Bo\u017e\u00ed v\u016fli,<br \/>za l\u00e1sku, abychom p\u0159ijali Bo\u017e\u00ed v\u016fli,<br \/>a za cestu, po n\u00ed\u017e m\u00e1me podle Bo\u017e\u00ed v\u016fle j\u00edt.<\/p>\n<div class=\"sow-hero-buttons\" style=\"text-align: center\"><div\n\t\t\t\n\t\t\tclass=\"so-widget-sow-button so-widget-sow-button-flat-d4f962ef814a\"\n\t\t\t\n\t\t><div class=\"ow-button-base ow-button-align-center\"\n>\n\t\t\t<a\n\t\t\t\t\thref=\"https:\/\/www.farnostliskovec.cz\/?page_id=100\"\n\t\t\t\t\tclass=\"sowb-button ow-icon-placement-left ow-button-hover\" \t>\n\t\t<span>\n\t\t\t\n\t\t\tOhl\u00e1\u0161ky\t\t<\/span>\n\t\t\t<\/a>\n\t<\/div>\n<\/div><\/div>\n\t\t\t<\/div>\n\t\t<\/div>\n\t\t<div class=\"sow-slider-image-overlay sow-slider-image-cover\" style=\"opacity: 0.6;background-image: url(https:\/\/www.farnostliskovec.cz\/wp-content\/uploads\/2019\/03\/IMG_7699.jpg)\"  ><\/div>\t\t<\/li>\n\t\t<\/ul>\t\t\t\t<ol class=\"sow-slider-pagination\">\n\t\t\t\t\t\t\t\t\t\t\t<li><a href=\"#\" data-goto=\"0\" aria-label=\"Display slide 1\"><\/a><\/li>\n\t\t\t\t\t\t\t\t\t<\/ol>\n\n\t\t\t\t<div class=\"sow-slide-nav sow-slide-nav-next\">\n\t\t\t\t\t<a href=\"#\" data-goto=\"next\" aria-label=\"Next slide\" data-action=\"next\">\n\t\t\t\t\t\t<em class=\"sow-sld-icon-thin-right\"><\/em>\n\t\t\t\t\t<\/a>\n\t\t\t\t<\/div>\n\n\t\t\t\t<div class=\"sow-slide-nav sow-slide-nav-prev\">\n\t\t\t\t\t<a href=\"#\" data-goto=\"previous\" aria-label=\"Previous slide\" data-action=\"prev\">\n\t\t\t\t\t\t<em class=\"sow-sld-icon-thin-left\"><\/em>\n\t\t\t\t\t<\/a>\n\t\t\t\t<\/div>\n\t\t\t\t<\/div><\/div><\/div><\/div><\/div><\/div><\/div><div id=\"pg-1809-1\"  class=\"panel-grid panel-has-style\"  style=\"margin-bottom: 0px\" ><div style=\"padding: 10% 0% 10% 0%;\" id=\"services\" class=\"panel-row-style panel-row-style-for-1809-1\" ><div id=\"pgc-1809-1-0\"  class=\"panel-grid-cell\" ><div id=\"panel-1809-1-0-0\" class=\"so-panel widget widget_sow-headline panel-first-child panel-last-child\" data-index=\"1\" ><div\n\t\t\t\n\t\t\tclass=\"so-widget-sow-headline so-widget-sow-headline-default-5f940c8600f8-1809\"\n\t\t\t\n\t\t><div class=\"sow-headline-container \">\n\t\t\t\t\t\t\t<h1 class=\"sow-headline\">\n\t\t\t\t\t\t<b>\u010cEK\u00c1 N\u00c1S<\/b>\t\t\t\t\t\t<\/h1>\n\t\t\t\t\t\t<\/div>\n<\/div><\/div><\/div><\/div><\/div><div id=\"pg-1809-2\"  class=\"panel-grid panel-no-style\"  style=\"margin-bottom: 30px\" ><div id=\"pgc-1809-2-0\"  class=\"panel-grid-cell\" ><div id=\"panel-1809-2-0-0\" class=\"so-panel widget widget_siteorigin-panels-builder panel-first-child panel-last-child\" data-index=\"2\" ><div id=\"pl-w661e7db6add62\"  class=\"panel-layout\" ><div id=\"pg-w661e7db6add62-0\"  class=\"panel-grid panel-no-style\" ><div id=\"pgc-w661e7db6add62-0-0\"  class=\"panel-grid-cell\" ><div id=\"panel-w661e7db6add62-0-0-0\" class=\"so-panel widget widget_gce_widget panel-first-child\" data-index=\"0\" style=\"margin-bottom: 30px\" ><h3 class=\"widget-title\">Co se chyst\u00e1<\/h3><div class=\"simcal-calendar simcal-default-calendar simcal-default-calendar-list simcal-default-calendar-dark\" data-calendar-id=\"2066\" data-timezone=\"Europe\/Paris\" data-offset=\"7200\" data-week-start=\"1\" data-calendar-start=\"1776722400\" data-calendar-end=\"1798214400\" data-events-first=\"1774164600\" data-events-last=\"1798214400\"><div class=\"simcal-calendar-list simcal-calendar-list-compact\"><div class=\"simcal-events-list-container\" data-prev=\"1776693600\" data-next=\"1776880800\" data-heading-small=\"Dub 2026\" data-heading-large=\"Duben 2026\"><div class=\"simcal-weekday-2 simcal-past simcal-day simcal-day-has-events simcal-day-has-1-events simcal-events-calendar-2066 simcal-day-has-events simcal-day-has-2-events simcal-events-calendar-2066\" data-events-count=\"2\">\n\t<ul class=\"simcal-events\">\n\t<li class=\"simcal-event simcal-event-recurring simcal-events-calendar-2066\" style=\"\" itemscope itemtype=\"http:\/\/schema.org\/Event\" data-start=\"1776780000\">\n\t\t<div class=\"simcal-event-details\"><p> <a href=\"https:\/\/www.google.com\/calendar\/event?eid=MTFvYXJnNnJ1djJ0Z3B2dWpib3VwZDY5NnZfMjAyNjA0MjFUMTQwMDAwWiBmYXJub3N0bGlza292ZWNAbQ&#038;ctz=Europe\/Paris\" target=\"_blank\" ><strong><span class=\"simcal-event-title\" itemprop=\"name\">N\u00e1bo\u017eenstv\u00ed 2. t\u0159\u00edda<\/span><\/strong><\/a><br \/>\n<span class=\"simcal-event-start simcal-event-start-date\" data-event-start=\"1776780000\" data-event-format=\"j. n. Y\" itemprop=\"startDate\" content=\"2026-04-21T16:00:00+02:00\">21. 4. 2026<\/span>&nbsp;&nbsp;<span class=\"simcal-event-start simcal-event-start-time\" data-event-start=\"1776780000\" data-event-format=\"G:i\" itemprop=\"startDate\" content=\"2026-04-21T16:00:00+02:00\">16:00<\/span> - <span class=\"simcal-event-end simcal-event-end-time\" data-event-end=\"1776783600\" data-event-format=\"G:i\" itemprop=\"endDate\" content=\"2026-04-21T17:00:00+02:00\">17:00<\/span><\/p><\/div>\n\t<\/li>\n\t<li class=\"simcal-event simcal-event-recurring simcal-events-calendar-2066\" style=\"\" itemscope itemtype=\"http:\/\/schema.org\/Event\" data-start=\"1776783600\">\n\t\t<div class=\"simcal-event-details\"><p> <a href=\"https:\/\/www.google.com\/calendar\/event?eid=M3Mxbmloc2IzamU2cDVzdGltOWxhZWhpa3ZfMjAyNjA0MjFUMTUwMDAwWiBmYXJub3N0bGlza292ZWNAbQ&#038;ctz=Europe\/Paris\" target=\"_blank\" ><strong><span class=\"simcal-event-title\" itemprop=\"name\">N\u00e1bo\u017eenstv\u00ed 5. t\u0159\u00edda<\/span><\/strong><\/a><br \/>\n<span class=\"simcal-event-start simcal-event-start-date\" data-event-start=\"1776783600\" data-event-format=\"j. n. Y\" itemprop=\"startDate\" content=\"2026-04-21T17:00:00+02:00\">21. 4. 2026<\/span>&nbsp;&nbsp;<span class=\"simcal-event-start simcal-event-start-time\" data-event-start=\"1776783600\" data-event-format=\"G:i\" itemprop=\"startDate\" content=\"2026-04-21T17:00:00+02:00\">17:00<\/span> - <span class=\"simcal-event-end simcal-event-end-time\" data-event-end=\"1776787200\" data-event-format=\"G:i\" itemprop=\"endDate\" content=\"2026-04-21T18:00:00+02:00\">18:00<\/span><\/p><\/div>\n\t<\/li>\n<\/ul>\n\n<\/div>\n<div class=\"simcal-weekday-3 simcal-past simcal-day simcal-day-has-events simcal-day-has-1-events simcal-events-calendar-2066\" data-events-count=\"1\">\n\t<ul class=\"simcal-events\">\n\t<li class=\"simcal-event simcal-event-recurring simcal-events-calendar-2066\" style=\"\" itemscope itemtype=\"http:\/\/schema.org\/Event\" data-start=\"1776875400\">\n\t\t<div class=\"simcal-event-details\"><p> <a href=\"https:\/\/www.google.com\/calendar\/event?eid=NW4xZnZrMXU2dTU0amRvMGFubWxwbGE3ZHFfMjAyNjA0MjJUMTYzMDAwWiBmYXJub3N0bGlza292ZWNAbQ&#038;ctz=Europe\/Paris\" target=\"_blank\" ><strong><span class=\"simcal-event-title\" itemprop=\"name\">Rodinn\u00fd sbor<\/span><\/strong><\/a><br \/>\n<span class=\"simcal-event-start simcal-event-start-date\" data-event-start=\"1776875400\" data-event-format=\"j. n. Y\" itemprop=\"startDate\" content=\"2026-04-22T18:30:00+02:00\">22. 4. 2026<\/span>&nbsp;&nbsp;<span class=\"simcal-event-start simcal-event-start-time\" data-event-start=\"1776875400\" data-event-format=\"G:i\" itemprop=\"startDate\" content=\"2026-04-22T18:30:00+02:00\">18:30<\/span> - <span class=\"simcal-event-end simcal-event-end-time\" data-event-end=\"1776879000\" data-event-format=\"G:i\" itemprop=\"endDate\" content=\"2026-04-22T19:30:00+02:00\">19:30<\/span><\/p><\/div>\n\t<\/li>\n<\/ul>\n\n<\/div>\n<\/div><div class=\"simcal-ajax-loader simcal-spinner-top\" style=\"display: none;\"><i class=\"simcal-icon-spinner simcal-icon-spin\"><\/i><\/div><\/div><\/div><\/div><div id=\"panel-w661e7db6add62-0-0-1\" class=\"so-panel widget widget_sow-button panel-last-child\" data-index=\"1\" ><div\n\t\t\t\n\t\t\tclass=\"so-widget-sow-button so-widget-sow-button-wire-98ce96e4ce60\"\n\t\t\t\n\t\t><div class=\"ow-button-base ow-button-align-left\"\n>\n\t\t\t<a\n\t\t\t\t\thref=\"https:\/\/www.farnostliskovec.cz\/?page_id=2089\"\n\t\t\t\t\tclass=\"sowb-button ow-icon-placement-left\" target=\"_blank\" rel=\"noopener noreferrer\" \t>\n\t\t<span>\n\t\t\t<span class=\"sow-icon-fontawesome sow-far\" data-sow-icon=\"&#xf073;\"\n\t\tstyle=\"color: #a20000\" \n\t\taria-hidden=\"true\"><\/span>\n\t\t\tKalend\u00e1\u0159\t\t<\/span>\n\t\t\t<\/a>\n\t<\/div>\n<\/div><\/div><\/div><\/div><\/div><\/div><\/div><div id=\"pgc-1809-2-1\"  class=\"panel-grid-cell\" ><div id=\"panel-1809-2-1-0\" class=\"so-panel widget widget_siteorigin-panels-builder panel-first-child panel-last-child\" data-index=\"3\" ><div id=\"pl-w69b2d7a6ac8a0\"  class=\"panel-layout\" ><div id=\"pg-w69b2d7a6ac8a0-0\"  class=\"panel-grid panel-no-style\" ><div id=\"pgc-w69b2d7a6ac8a0-0-0\"  class=\"panel-grid-cell\" >\n\t\t<div id=\"panel-w69b2d7a6ac8a0-0-0-0\" class=\"so-panel widget widget_recent-posts widget_recent_entries panel-first-child\" data-index=\"0\" style=\"margin-bottom: 30px\" >\n\t\t<h3 class=\"widget-title\">Aktu\u00e1ln\u011b<\/h3>\n\t\t<ul>\n\t\t\t\t\t\t\t\t\t\t\t<li>\n\t\t\t\t\t<a href=\"https:\/\/www.farnostliskovec.cz\/?p=4948\">P\u0159edn\u00e1\u0161ka: \u0160i\u0159itel\u00e9 pokoje<\/a>\n\t\t\t\t\t\t\t\t\t\t\t<span class=\"post-date\">17. 3. 2026<\/span>\n\t\t\t\t\t\t\t\t\t<\/li>\n\t\t\t\t\t\t\t\t\t\t\t<li>\n\t\t\t\t\t<a href=\"https:\/\/www.farnostliskovec.cz\/?p=4941\">P\u0159edn\u00e1\u0161ka: Laudato si<\/a>\n\t\t\t\t\t\t\t\t\t\t\t<span class=\"post-date\">17. 3. 2026<\/span>\n\t\t\t\t\t\t\t\t\t<\/li>\n\t\t\t\t\t\t\t\t\t\t\t<li>\n\t\t\t\t\t<a href=\"https:\/\/www.farnostliskovec.cz\/?p=4886\">P\u0159edn\u00e1\u0161ka: Mezi trny a r\u016f\u017eemi<\/a>\n\t\t\t\t\t\t\t\t\t\t\t<span class=\"post-date\">5. 12. 2025<\/span>\n\t\t\t\t\t\t\t\t\t<\/li>\n\t\t\t\t\t<\/ul>\n\n\t\t<\/div><div id=\"panel-w69b2d7a6ac8a0-0-0-1\" class=\"so-panel widget widget_search panel-last-child\" data-index=\"1\" >\r\n<form role=\"search\" method=\"get\" id=\"searchform\" class=\"search-form\" action=\"https:\/\/www.farnostliskovec.cz\/\">\r\n    <div class=\"search-form-wrap\">\r\n\t\t<input type=\"text\" value=\"\" name=\"s\" id=\"s\" class=\"search-form-input\" placeholder=\"Search..\" \/>\r\n        <input type=\"submit\" id=\"searchsubmit\" class=\"button submit-button\" value=\"&#xf179;\" \/>\r\n    <\/div>\r\n<\/form><\/div><\/div><\/div><\/div><\/div><\/div><div id=\"pgc-1809-2-2\"  class=\"panel-grid-cell\" ><div id=\"panel-1809-2-2-0\" class=\"so-panel widget widget_siteorigin-panels-builder panel-first-child panel-last-child\" data-index=\"4\" ><div id=\"pl-w661e7db6b4021\"  class=\"panel-layout\" ><div id=\"pg-w661e7db6b4021-0\"  class=\"panel-grid panel-no-style\" ><div id=\"pgc-w661e7db6b4021-0-0\"  class=\"panel-grid-cell\" ><div id=\"panel-w661e7db6b4021-0-0-0\" class=\"so-panel widget widget_media_image panel-first-child panel-last-child\" data-index=\"0\" ><a href=\"http:\/\/www.dekanstvi.cz\"><img loading=\"lazy\" decoding=\"async\" width=\"800\" height=\"396\" src=\"https:\/\/www.farnostliskovec.cz\/wp-content\/uploads\/2024\/04\/dekanstvi-1.png\" class=\"image wp-image-4289  attachment-full size-full\" alt=\"Pastora\u010dn\u00ed aktivity d\u011bkanstv\u00ed brn\u011bnsk\u00e9 diec\u00e9ze\" style=\"max-width: 100%; height: auto;\" srcset=\"https:\/\/www.farnostliskovec.cz\/wp-content\/uploads\/2024\/04\/dekanstvi-1.png 800w, https:\/\/www.farnostliskovec.cz\/wp-content\/uploads\/2024\/04\/dekanstvi-1-300x149.png 300w, https:\/\/www.farnostliskovec.cz\/wp-content\/uploads\/2024\/04\/dekanstvi-1-768x380.png 768w\" sizes=\"auto, (max-width: 800px) 100vw, 800px\" \/><\/a><\/div><\/div><\/div><\/div><\/div><\/div><\/div><div id=\"pg-1809-3\"  class=\"panel-grid panel-has-style\"  style=\"margin-bottom: 0px\" ><div class=\"siteorigin-panels-stretch panel-row-style panel-row-style-for-1809-3\" style=\"padding: 5% 0% 5% 0%;\" id=\"parallax\" data-stretch-type=\"full-width-stretch\" ><div id=\"pgc-1809-3-0\"  class=\"panel-grid-cell panel-grid-cell-empty\" ><\/div><div id=\"pgc-1809-3-1\"  class=\"panel-grid-cell\" ><div id=\"panel-1809-3-1-0\" class=\"so-panel widget widget_sow-image panel-first-child panel-last-child\" data-index=\"5\" ><div\n\t\t\t\n\t\t\tclass=\"so-widget-sow-image so-widget-sow-image-default-3a2476c0e107-1809\"\n\t\t\t\n\t\t>\n<div class=\"sow-image-container\">\n\t\t<img \n\tsrc=\"https:\/\/www.farnostliskovec.cz\/wp-content\/uploads\/2024\/04\/kosulic-petr-150x150.png\" width=\"150\" height=\"150\" srcset=\"https:\/\/www.farnostliskovec.cz\/wp-content\/uploads\/2024\/04\/kosulic-petr-150x150.png 150w, https:\/\/www.farnostliskovec.cz\/wp-content\/uploads\/2024\/04\/kosulic-petr.png 291w\" sizes=\"(max-width: 150px) 100vw, 150px\" alt=\"\" \t\tclass=\"so-widget-image\"\/>\n\t<\/div>\n\n<\/div><\/div><\/div><div id=\"pgc-1809-3-2\"  class=\"panel-grid-cell\" ><div id=\"panel-1809-3-2-0\" class=\"so-panel widget widget_sow-headline panel-first-child panel-last-child\" data-index=\"6\" ><div\n\t\t\t\n\t\t\tclass=\"so-widget-sow-headline so-widget-sow-headline-default-d371613b9b78-1809 so-widget-fittext-wrapper\"\n\t\t\t data-fit-text-compressor=\"0\"\n\t\t><div class=\"sow-headline-container \">\n\t\t\t\t\t\t\t<p class=\"sow-headline\">\n\t\t\t\t\t\t\"Farnost je \u017eiv\u00e9 a rozmanit\u00e9 spole\u010denstv\u00ed lid\u00ed, kte\u0159\u00ed poznali Je\u017e\u00ed\u0161e Krista, p\u0159ijali radostnou zv\u011bst evangelia a sna\u017e\u00ed se ji napl\u0148ovat ve sv\u00e9m \u017eivot\u011b.\"\t\t\t\t\t\t<\/p>\n\t\t\t\t\t\t<\/div>\n<\/div><\/div><\/div><div id=\"pgc-1809-3-3\"  class=\"panel-grid-cell panel-grid-cell-mobile-last\" ><div id=\"panel-1809-3-3-0\" class=\"so-panel widget widget_sow-editor panel-first-child panel-last-child\" data-index=\"7\" ><div\n\t\t\t\n\t\t\tclass=\"so-widget-sow-editor so-widget-sow-editor-base\"\n\t\t\t\n\t\t>\n<div class=\"siteorigin-widget-tinymce textwidget\">\n\t<p>P. Petr Ko\u0161uli\u010d, far\u00e1\u0159<br \/>\nEli\u0161ky P\u0159emyslovny 27<br \/>\n625 00 Brno<\/p>\n<p>+420 604 538 482<br \/>\nbrno-liskovec@dieceze.cz<\/p>\n<\/div>\n<\/div><\/div><\/div><div id=\"pgc-1809-3-4\"  class=\"panel-grid-cell panel-grid-cell-empty\" ><\/div><\/div><\/div><div id=\"pg-1809-4\"  class=\"panel-grid panel-has-style\"  style=\"margin-bottom: 0px\" ><div class=\"siteorigin-panels-stretch panel-row-style panel-row-style-for-1809-4\" style=\"padding: 5% 0% 5% 0%;\" id=\"blog\" data-stretch-type=\"full\" ><div id=\"pgc-1809-4-0\"  class=\"panel-grid-cell\" ><div id=\"panel-1809-4-0-0\" class=\"so-panel widget widget_sow-headline panel-first-child\" data-index=\"8\" style=\"margin-bottom: 30px\" ><div\n\t\t\t\n\t\t\tclass=\"so-widget-sow-headline so-widget-sow-headline-default-9d4a0277c080-1809\"\n\t\t\t\n\t\t><div class=\"sow-headline-container \">\n\t\t\t\t\t\t\t<h1 class=\"sow-headline\">\n\t\t\t\t\t\t<b>PODPO\u0158TE N\u00c1S<\/b>...\t\t\t\t\t\t<\/h1>\n\t\t\t\t\t\t<\/div>\n<\/div><\/div><div id=\"panel-1809-4-0-1\" class=\"so-panel widget widget_sow-editor panel-last-child\" data-index=\"9\" ><div\n\t\t\t\n\t\t\tclass=\"so-widget-sow-editor so-widget-sow-editor-base\"\n\t\t\t\n\t\t>\n<div class=\"siteorigin-widget-tinymce textwidget\">\n\t<p style=\"text-align: center;\">Farnost \u017eije z dar\u016f, kter\u00e9 si farn\u00edci vyberou mezi sebou.<br \/>\nFarnost m\u016f\u017eete podpo\u0159it jednak p\u0159\u00edsp\u011bvkem do sb\u00edrky p\u0159i bohoslu\u017eb\u00e1ch,<br \/>\npravideln\u00fdm zas\u00edl\u00e1n\u00edm pen\u011bz na farn\u00ed \u00fa\u010det, \u010di jednor\u00e1zov\u00fdm p\u0159evodem na farn\u00ed \u00fa\u010det.<\/p>\n<p style=\"text-align: center;\">Bankovn\u00ed spojen\u00ed:<br \/>\n\u010cesk\u00e1 spo\u0159itelna, a. s.<br \/>\n\u010d\u00edslo \u00fa\u010dtu: 6182602359\/0800<\/p>\n<p style=\"text-align: center;\">I\u010c: 64327728<br \/>\nDI\u010c: CZ64327728<\/p>\n<\/div>\n<\/div><\/div><\/div><\/div><\/div><div id=\"pg-1809-5\"  class=\"panel-grid panel-has-style\"  style=\"margin-bottom: 30px\" ><div style=\"padding: 0% 0% 5% 0%;\" id=\"contact\" class=\"panel-row-style panel-row-style-for-1809-5\" ><div id=\"pgc-1809-5-0\"  class=\"panel-grid-cell\" ><div id=\"panel-1809-5-0-0\" class=\"so-panel widget widget_sow-headline panel-first-child\" data-index=\"10\" style=\"margin: 0px 0px 0px 0px;\" ><div style=\"padding: 0px 0px 0px 0px;\" class=\"panel-widget-style panel-widget-style-for-1809-5-0-0\" ><div\n\t\t\t\n\t\t\tclass=\"so-widget-sow-headline so-widget-sow-headline-default-57a359dbe519-1809\"\n\t\t\t\n\t\t><div class=\"sow-headline-container \">\n\t\t\t\t\t\t\t<h1 class=\"sow-headline\">\n\t\t\t\t\t\t<b>NAPI\u0160TE<\/b> N\u00c1M...\t\t\t\t\t\t<\/h1>\n\t\t\t\t\t\t\t\t\t\t\t\t<p class=\"sow-sub-headline\">\n\t\t\t\t\t\tPot\u0159ebujete si domluvit sch\u016fzku? Napl\u00e1novat svatbu nebo k\u0159tiny? Napi\u0161te n\u00e1m.\t\t\t\t\t\t<\/p>\n\t\t\t\t\t\t<\/div>\n<\/div><\/div><\/div><div id=\"panel-1809-5-0-1\" class=\"so-panel widget widget_sow-contact-form panel-last-child\" data-index=\"11\" ><div style=\"padding: 5% 0% 0% 0%;\" class=\"panel-widget-style panel-widget-style-for-1809-5-0-1\" ><div\n\t\t\t\n\t\t\tclass=\"so-widget-sow-contact-form so-widget-sow-contact-form-default-2ac94cb062e1-1809\"\n\t\t\t\n\t\t>\t<form\n\t\taction=\"\/index.php?rest_route=%2Fwp%2Fv2%2Fpages%2F1809\"\n\t\tmethod=\"POST\"\n\t\tclass=\"sow-contact-form\"\n\t\tid=\"contact-form-bfc8\"\n\t>\n\n\t\t\n\t\t\t\t\t<div class=\"sow-form-field sow-form-field-name\">\n\t\t\t\t<label class=\"sow-form-field-label-above\" for=\"sow-contact-form-field-vase-jmeno-1\">\n\t\t\t\t<strong>\n\t\t\t\t\tVa\u0161e jm\u00e9no\t\t\t\t\t\t\t\t\t<\/strong>\n\t\t\t<\/label>\n\t\t\t\t\t\t\t<div class=\"sow-field-container\">\n\t\t\t\t\t\t\t<input\n\t\t\ttype=\"text\"\n\t\t\tname=\"vase-jmeno-1\"\n\t\t\tid=\"sow-contact-form-field-vase-jmeno-1\"\n\t\t\tvalue=\"\"\n\t\t\tclass=\"sow-text-field\"\n\t\t\t\t\t\t\t\t\/>\n\t\t\t\t\t\t<\/div>\n\t\t\t\t\t\t\t<\/div>\n\t\t\t\t\t\t<div class=\"sow-form-field sow-form-field-email\">\n\t\t\t\t<label class=\"sow-form-field-label-above\" for=\"sow-contact-form-field-vas-e-mail-1\">\n\t\t\t\t<strong>\n\t\t\t\t\tV\u00e1\u0161 e-mail\t\t\t\t\t\t\t\t\t<\/strong>\n\t\t\t<\/label>\n\t\t\t\t\t\t\t<div class=\"sow-field-container\">\n\t\t\t\t\t\t\t<input\n\t\t\ttype=\"email\"\n\t\t\tname=\"vas-e-mail-1\"\n\t\t\tid=\"sow-contact-form-field-vas-e-mail-1\"\n\t\t\tvalue=\"\"\n\t\t\tclass=\"sow-text-field\"\t\t\t\t\t\t\t\t\/>\n\t\t\t\t\t\t<\/div>\n\t\t\t\t\t\t\t<\/div>\n\t\t\t\t\t\t<div class=\"sow-form-field sow-form-field-subject\">\n\t\t\t\t<label class=\"sow-form-field-label-above\" for=\"sow-contact-form-field-predmet-1\">\n\t\t\t\t<strong>\n\t\t\t\t\tP\u0159edm\u011bt\t\t\t\t\t\t\t\t\t<\/strong>\n\t\t\t<\/label>\n\t\t\t\t\t\t\t<div class=\"sow-field-container\">\n\t\t\t\t\t\t\t<input\n\t\t\ttype=\"text\"\n\t\t\tname=\"predmet-1\"\n\t\t\tid=\"sow-contact-form-field-predmet-1\"\n\t\t\tvalue=\"\"\n\t\t\tclass=\"sow-text-field\"\n\t\t\t\t\t\t\t\t\/>\n\t\t\t\t\t\t<\/div>\n\t\t\t\t\t\t\t<\/div>\n\t\t\t\t\t\t<div class=\"sow-form-field sow-form-field-textarea\">\n\t\t\t\t<label class=\"sow-form-field-label-above\" for=\"sow-contact-form-field-zprava-1\">\n\t\t\t\t<strong>\n\t\t\t\t\tZpr\u00e1va\t\t\t\t\t\t\t\t\t<\/strong>\n\t\t\t<\/label>\n\t\t\t\t\t\t\t<div class=\"sow-field-container\">\n\t\t\t\t\t\t\t<textarea\n\t\t\tname=\"zprava-1\"\n\t\t\tid=\"sow-contact-form-field-zprava-1\"\n\t\t\trows=\"10\"\n\t\t\t\t\t\t\t\t><\/textarea>\n\t\t\t\t\t\t<\/div>\n\t\t\t\t\t\t\t<\/div>\n\t\t\t\n\t\t\n\t\t<div class=\"sow-submit-wrapper \n\t\tsow-submit-styled\t\t\">\n\n\t\t\t<button\n\t\t\t\ttype=\"submit\"\n\t\t\t\tclass=\"sow-submit\n\t\t\t\t\t\t\t\t\"\n\t\t\t\t\t\t\t>\n\t\t\t\tOdeslat\t\t\t<\/button>\n\t\t<\/div>\n\t\t\t\t<input\n\t\t\ttype=\"hidden\"\n\t\t\tname=\"instance_hash-1\"\n\t\t\tvalue=\"bfc8d2e2\"\n\t\t\/>\n\n\t\t<input type=\"hidden\" id=\"_wpnonce\" name=\"_wpnonce\" value=\"b58f525209\" \/><input type=\"hidden\" name=\"_wp_http_referer\" value=\"\/index.php?rest_route=%2Fwp%2Fv2%2Fpages%2F1809\" \/>\t<\/form>\n\t<\/div><\/div><\/div><\/div><\/div><\/div><div id=\"pg-1809-6\"  class=\"panel-grid panel-no-style\" ><div id=\"pgc-1809-6-0\"  class=\"panel-grid-cell\" ><div id=\"panel-1809-6-0-0\" class=\"so-panel widget widget_sow-image panel-first-child panel-last-child\" data-index=\"12\" ><div\n\t\t\t\n\t\t\tclass=\"so-widget-sow-image so-widget-sow-image-default-a258e6bfa2d8-1809\"\n\t\t\t\n\t\t>\n<div class=\"sow-image-container\">\n\t\t\t<a href=\"https:\/\/donator.cz\/\"\n\t\t\ttarget=\"_blank\" rel=\"noopener noreferrer\" \t\t>\n\t\t\t<img \n\tsrc=\"https:\/\/www.farnostliskovec.cz\/wp-content\/uploads\/2021\/11\/banner2.png\" width=\"7280\" height=\"900\" sizes=\"(max-width: 7280px) 100vw, 7280px\" alt=\"\" \t\tclass=\"so-widget-image\"\/>\n\t\t\t<\/a><\/div>\n\n<\/div><\/div><\/div><\/div><\/div>","protected":false},"excerpt":{"rendered":"<p>J\u00e1 jsem cesta, pravda a \u017eivot&#8230;(Jan 14,6) Dnes, v\u00edce ne\u017e kdy jindy, se mus\u00edme modlitza sv\u011btlo, abychom poznali Bo\u017e\u00ed v\u016fli,za l\u00e1sku, abychom p\u0159ijali Bo\u017e\u00ed v\u016fli,a za cestu, po n\u00ed\u017e m\u00e1me podle Bo\u017e\u00ed v\u016fle j\u00edt. Ohl\u00e1\u0161ky \u010cEK\u00c1 N\u00c1S Co se chyst\u00e1 N\u00e1bo\u017eenstv\u00ed 2. t\u0159\u00edda 21. 4. 2026&nbsp;&nbsp;16:00 &#8211; 17:00 N\u00e1bo\u017eenstv\u00ed 5. t\u0159\u00edda 21. 4. 2026&nbsp;&nbsp;17:00 -Continue reading &rarr;<\/p>\n","protected":false},"author":2,"featured_media":0,"parent":0,"menu_order":0,"comment_status":"closed","ping_status":"closed","template":"","meta":{"footnotes":""},"class_list":["post-1809","page","type-page","status-publish","hentry","no-thumb"],"_links":{"self":[{"href":"https:\/\/www.farnostliskovec.cz\/index.php?rest_route=\/wp\/v2\/pages\/1809","targetHints":{"allow":["GET"]}}],"collection":[{"href":"https:\/\/www.farnostliskovec.cz\/index.php?rest_route=\/wp\/v2\/pages"}],"about":[{"href":"https:\/\/www.farnostliskovec.cz\/index.php?rest_route=\/wp\/v2\/types\/page"}],"author":[{"embeddable":true,"href":"https:\/\/www.farnostliskovec.cz\/index.php?rest_route=\/wp\/v2\/users\/2"}],"replies":[{"embeddable":true,"href":"https:\/\/www.farnostliskovec.cz\/index.php?rest_route=%2Fwp%2Fv2%2Fcomments&post=1809"}],"version-history":[{"count":161,"href":"https:\/\/www.farnostliskovec.cz\/index.php?rest_route=\/wp\/v2\/pages\/1809\/revisions"}],"predecessor-version":[{"id":4937,"href":"https:\/\/www.farnostliskovec.cz\/index.php?rest_route=\/wp\/v2\/pages\/1809\/revisions\/4937"}],"wp:attachment":[{"href":"https:\/\/www.farnostliskovec.cz\/index.php?rest_route=%2Fwp%2Fv2%2Fmedia&parent=1809"}],"curies":[{"name":"wp","href":"https:\/\/api.w.org\/{rel}","templated":true}]}}