{"id":1935,"date":"2018-11-21T15:31:33","date_gmt":"2018-11-21T14:31:33","guid":{"rendered":"http:\/\/www.farnostliskovec.cz\/?page_id=1935"},"modified":"2025-10-23T10:50:50","modified_gmt":"2025-10-23T09:50:50","slug":"nepomuk-2018","status":"publish","type":"page","link":"https:\/\/www.farnostliskovec.cz\/?page_id=1935","title":{"rendered":"Farn\u00ed ob\u010dasn\u00edk Nepomuk"},"content":{"rendered":"<h2>2020<\/h2>\n<p><a href=\"https:\/\/www.farnostliskovec.cz\/wp-content\/uploads\/2020\/09\/Nepomuk_165_web.pdf\"><img loading=\"lazy\" decoding=\"async\" class=\"alignleft wp-image-3140\" src=\"https:\/\/www.farnostliskovec.cz\/wp-content\/uploads\/2020\/09\/Nepomuk_165_uvod.jpg\" alt=\"\" width=\"212\" height=\"300\" \/><\/a><\/p>\n<p><a href=\"https:\/\/drive.google.com\/file\/d\/1wenit8HcD0LOx3Zgm70yzIndTQiTZQ58\/view?usp=sharing\"><img loading=\"lazy\" decoding=\"async\" class=\"alignleft size-medium wp-image-2948\" src=\"https:\/\/www.farnostliskovec.cz\/wp-content\/uploads\/2020\/05\/Nepomuk_164_uvod-212x300.jpg\" alt=\"\" width=\"212\" height=\"300\" srcset=\"https:\/\/www.farnostliskovec.cz\/wp-content\/uploads\/2020\/05\/Nepomuk_164_uvod-212x300.jpg 212w, https:\/\/www.farnostliskovec.cz\/wp-content\/uploads\/2020\/05\/Nepomuk_164_uvod-768x1085.jpg 768w, https:\/\/www.farnostliskovec.cz\/wp-content\/uploads\/2020\/05\/Nepomuk_164_uvod-725x1024.jpg 725w, https:\/\/www.farnostliskovec.cz\/wp-content\/uploads\/2020\/05\/Nepomuk_164_uvod.jpg 1246w\" sizes=\"auto, (max-width: 212px) 100vw, 212px\" \/><\/a><a href=\"https:\/\/drive.google.com\/file\/d\/1cm77aktUlUH6vUugLRimLQUth2MQW6jQ\/view?usp=sharing\"><img loading=\"lazy\" decoding=\"async\" class=\"wp-image-2835 size-medium alignleft\" src=\"https:\/\/www.farnostliskovec.cz\/wp-content\/uploads\/2020\/04\/Nepomuk_163_uvod-1-212x300.jpg\" alt=\"velikono\u010dn\u00ed Nepomuk\" width=\"212\" height=\"300\" srcset=\"https:\/\/www.farnostliskovec.cz\/wp-content\/uploads\/2020\/04\/Nepomuk_163_uvod-1-212x300.jpg 212w, https:\/\/www.farnostliskovec.cz\/wp-content\/uploads\/2020\/04\/Nepomuk_163_uvod-1-768x1086.jpg 768w, https:\/\/www.farnostliskovec.cz\/wp-content\/uploads\/2020\/04\/Nepomuk_163_uvod-1-724x1024.jpg 724w, https:\/\/www.farnostliskovec.cz\/wp-content\/uploads\/2020\/04\/Nepomuk_163_uvod-1.jpg 1242w\" sizes=\"auto, (max-width: 212px) 100vw, 212px\" \/><\/a><\/p>\n\n\n<p><\/p>\n\n\n\n<p><\/p>\n\n\n\n<p><\/p>\n\n\n\n<p><\/p>\n\n\n\n<h2 class=\"wp-block-heading\">2019<\/h2>\n\n\n\n<details class=\"wp-block-details is-layout-flow wp-block-details-is-layout-flow\"><summary><\/summary>\n<figure class=\"wp-block-image size-full is-resized\"><a href=\"https:\/\/www.farnostliskovec.cz\/wp-content\/uploads\/2025\/10\/Nepomuk_158.png\"><img loading=\"lazy\" decoding=\"async\" width=\"637\" height=\"903\" src=\"https:\/\/www.farnostliskovec.cz\/wp-content\/uploads\/2025\/10\/Nepomuk_158.png\" alt=\"\" class=\"wp-image-4781\" style=\"width:212px;height:auto\" srcset=\"https:\/\/www.farnostliskovec.cz\/wp-content\/uploads\/2025\/10\/Nepomuk_158.png 637w, https:\/\/www.farnostliskovec.cz\/wp-content\/uploads\/2025\/10\/Nepomuk_158-212x300.png 212w\" sizes=\"auto, (max-width: 637px) 100vw, 637px\" \/><\/a><\/figure>\n\n\n\n<figure class=\"wp-block-gallery has-nested-images columns-default is-cropped wp-block-gallery-1 is-layout-flex wp-block-gallery-is-layout-flex\"><\/figure>\n<\/details>\n\n\n\n<p><\/p>\n","protected":false},"excerpt":{"rendered":"<p>2020 2019<\/p>\n","protected":false},"author":2,"featured_media":0,"parent":32,"menu_order":2,"comment_status":"closed","ping_status":"closed","template":"","meta":{"footnotes":""},"class_list":["post-1935","page","type-page","status-publish","hentry","no-thumb"],"_links":{"self":[{"href":"https:\/\/www.farnostliskovec.cz\/index.php?rest_route=\/wp\/v2\/pages\/1935","targetHints":{"allow":["GET"]}}],"collection":[{"href":"https:\/\/www.farnostliskovec.cz\/index.php?rest_route=\/wp\/v2\/pages"}],"about":[{"href":"https:\/\/www.farnostliskovec.cz\/index.php?rest_route=\/wp\/v2\/types\/page"}],"author":[{"embeddable":true,"href":"https:\/\/www.farnostliskovec.cz\/index.php?rest_route=\/wp\/v2\/users\/2"}],"replies":[{"embeddable":true,"href":"https:\/\/www.farnostliskovec.cz\/index.php?rest_route=%2Fwp%2Fv2%2Fcomments&post=1935"}],"version-history":[{"count":13,"href":"https:\/\/www.farnostliskovec.cz\/index.php?rest_route=\/wp\/v2\/pages\/1935\/revisions"}],"predecessor-version":[{"id":4784,"href":"https:\/\/www.farnostliskovec.cz\/index.php?rest_route=\/wp\/v2\/pages\/1935\/revisions\/4784"}],"up":[{"embeddable":true,"href":"https:\/\/www.farnostliskovec.cz\/index.php?rest_route=\/wp\/v2\/pages\/32"}],"wp:attachment":[{"href":"https:\/\/www.farnostliskovec.cz\/index.php?rest_route=%2Fwp%2Fv2%2Fmedia&parent=1935"}],"curies":[{"name":"wp","href":"https:\/\/api.w.org\/{rel}","templated":true}]}}