{"id":2092,"date":"2018-12-07T10:42:44","date_gmt":"2018-12-07T09:42:44","guid":{"rendered":"http:\/\/www.farnostliskovec.cz\/?page_id=2092"},"modified":"2025-09-10T19:35:54","modified_gmt":"2025-09-10T18:35:54","slug":"pohoda-klub-aktivnich-senioru","status":"publish","type":"page","link":"https:\/\/www.farnostliskovec.cz\/?page_id=2092","title":{"rendered":"Pohoda &#8211; klub aktivn\u00edch senior\u016f"},"content":{"rendered":"<div id=\"pl-2092\"  class=\"panel-layout\" ><div id=\"pg-2092-0\"  class=\"panel-grid panel-no-style\"  style=\"margin-bottom: 30px\" ><div id=\"pgc-2092-0-0\"  class=\"panel-grid-cell\" ><div id=\"panel-2092-0-0-0\" class=\"so-panel widget widget_sow-image panel-first-child panel-last-child\" data-index=\"0\" ><div\n\t\t\t\n\t\t\tclass=\"so-widget-sow-image so-widget-sow-image-default-8b5b6f678277-2092\"\n\t\t\t\n\t\t>\n<div class=\"sow-image-container\">\n\t\t<img \n\tsrc=\"https:\/\/www.farnostliskovec.cz\/wp-content\/uploads\/2018\/12\/P6262905.jpg\" width=\"2559\" height=\"1150\" srcset=\"https:\/\/www.farnostliskovec.cz\/wp-content\/uploads\/2018\/12\/P6262905.jpg 2559w, https:\/\/www.farnostliskovec.cz\/wp-content\/uploads\/2018\/12\/P6262905-300x135.jpg 300w, https:\/\/www.farnostliskovec.cz\/wp-content\/uploads\/2018\/12\/P6262905-768x345.jpg 768w, https:\/\/www.farnostliskovec.cz\/wp-content\/uploads\/2018\/12\/P6262905-1024x460.jpg 1024w\" sizes=\"(max-width: 2559px) 100vw, 2559px\" title=\"OLYMPUS DIGITAL CAMERA\" alt=\"\" \t\tclass=\"so-widget-image\"\/>\n\t<\/div>\n\n<\/div><\/div><\/div><\/div><div id=\"pg-2092-1\"  class=\"panel-grid panel-no-style\" ><div id=\"pgc-2092-1-0\"  class=\"panel-grid-cell\" ><div id=\"panel-2092-1-0-0\" class=\"so-panel widget widget_sow-editor panel-first-child panel-last-child\" data-index=\"1\" ><div\n\t\t\t\n\t\t\tclass=\"so-widget-sow-editor so-widget-sow-editor-base\"\n\t\t\t\n\t\t>\n<div class=\"siteorigin-widget-tinymce textwidget\">\n\t<h2>PROGRAM<\/h2>\n<h3>farn\u00ed klubovna \u2013 \u010dtvrtky 9:30-11:30 hod.<\/h3>\n<p>Program: posezen\u00ed p\u0159i k\u00e1v\u011b, aran\u017em\u00e1 kv\u011btinov\u00fdch vazeb, tvo\u0159iv\u00e9 d\u00edlny (keramika, malov\u00e1n\u00ed na hedv\u00e1b\u00ed), p\u0159edn\u00e1\u0161ky duchovn\u00ed, odborn\u00e9 (zdravotn\u00ed, zdrav\u00e1 v\u00fd\u017eiva, nov\u00e9 knihy, kosmetick\u00e9), burza recept\u016f - studen\u00e1 kuchyn\u011b, z\u00e1kusky, ochutn\u00e1vka v\u00e1no\u010dn\u00edho a velikono\u010dn\u00edho cukrov\u00ed, oslavy narozenin, vych\u00e1zky do okol\u00ed Brna, v\u00fdlety autobusem na poutn\u00ed m\u00edsta, term\u00e1ln\u00ed l\u00e1zn\u011b\u2026 atd.<\/p>\n<p>Garant: Bohuslava Podolsk\u00e1, tel.: 721 217 930, email: bohunkapo@seznam.cz<br \/>\nZ\u00e1stupce: Milada Barto\u0148kov\u00e1, tel.: 721 829 035, e-mail: bartonkova.milada@seznam.cz<\/p>\n<p>&nbsp;<\/p>\n<p><strong>- - -\u00a0 z \u00e1 \u0159 \u00ed\u00a0 - - -<\/strong><\/p>\n<p>2. 9. Pe\u010den\u00ed lit\u00fdch buchet pro pot\u0159ebn\u00e9 \u2013 Sant\u00b4Egidio<br \/>\n4. 9. Popr\u00e1zdninov\u00e9 posezen\u00ed v klubovn\u011b + oslava narozenin<br \/>\n11. 9. Posezen\u00ed v klubovn\u011b \u2013 pam\u011b\u0165ov\u00e9 kv\u00edzy \u201eZe \u017eivota svat\u00fdch\u201c<br \/>\n18. 9. Poutn\u00ed v\u00fdlet na Vranov<br \/>\n25. 9. Posezen\u00ed v klubovn\u011b p\u0159i k\u00e1v\u011b<\/p>\n<p><strong>- - -\u00a0 \u0159 \u00ed j e n\u00a0 - - -<\/strong><\/p>\n<p>2. 10. Poutn\u00ed v\u00fdlet do T\u0159eb\u00ed\u010de \u2013 bazilika sv. Prokopa + \u017eidovsk\u00fd h\u0159bitov<br \/>\n7. 10. Pe\u010den\u00ed lit\u00fdch buchet pro pot\u0159ebn\u00e9 \u2013 Sant\u00b4Egidio<br \/>\n9. 10. Posezen\u00ed v klubovn\u011b p\u0159i k\u00e1v\u011b<br \/>\n16. 10. Posezen\u00ed v klubovn\u011b \u2013 duchovn\u00ed obnova \u2013 o. Petr<br \/>\n23. 10. Prohl\u00eddka kostela sv. Jakuba<br \/>\n30. 10. Posezen\u00ed v klubovn\u011b p\u0159i k\u00e1v\u011b<\/p>\n<p><strong>- - -\u00a0 l i s t o p a d\u00a0 - - -<\/strong><\/p>\n<p>4. 11. Pe\u010den\u00ed lit\u00fdch buchet pro pot\u0159ebn\u00e9 \u2013 Sant\u00b4Egidio<br \/>\n6. 11. Oslava narozenin<br \/>\n13. 11. Tvo\u0159iv\u00e1 d\u00edlna \u2013 v\u00fdroba adventn\u00edch v\u011bnc\u016f<br \/>\n20. 11. P\u0159edn\u00e1\u0161ka: Adventn\u00ed a v\u00e1no\u010dn\u00ed doba \u2013 duchovn\u00ed obnova s o. Petrem<br \/>\n27. 11. Posezen\u00ed v klubovn\u011b p\u0159i k\u00e1v\u011b<\/p>\n<p><strong>- - -\u00a0 p r o s i n e c\u00a0 - - -<\/strong><\/p>\n<p>2. 12. Pe\u010den\u00ed lit\u00fdch buchet pro pot\u0159ebn\u00e9 \u2013 Sant\u00b4Egidio<br \/>\n4. 12. Brig\u00e1da \u2013 shrabov\u00e1n\u00ed list\u00ed u klubovny<br \/>\n11. 12. Posezen\u00ed v klubovn\u011b \u2013 v\u00fdroba v\u00e1no\u010dn\u00edch dekorac\u00ed na st\u016fl<br \/>\n18. 12. Oslava narozenin a p\u0159edv\u00e1no\u010dn\u00ed posezen\u00ed<\/p>\n<p><b>Zm\u011bna programu vyhrazena \u2013 dle po\u010das\u00ed!<\/b><\/p>\n<p>&nbsp;<\/p>\n<h2><span style=\"font-weight: 400;\">Jak to na setk\u00e1n\u00edch klubu Pohoda vypad\u00e1? <\/span><\/h2>\n<p><span style=\"font-weight: 400;\">O tom si m\u016f\u017eete p\u0159e\u010d\u00edst ve sv\u011bdectv\u00ed Danky Mozgov\u00e9, kter\u00e1 je jejich pravidelnou \u00fa\u010dastnic\u00ed:<\/span><\/p>\n<p><span style=\"font-weight: 400;\">Ka\u017ed\u00fd \u010dtvrtek od 9:30 do 12 hod. se v klubu Pohoda p\u0159i na\u0161\u00ed farnosti sch\u00e1z\u00edme na pravideln\u00fdch setk\u00e1n\u00edch. V\u017edy si p\u011bkn\u011b prost\u0159eme, nachyst\u00e1me n\u011bjak\u00e9 dobr\u016ftky a p\u0159i k\u00e1v\u011b nebo \u010daji prob\u00edr\u00e1me v\u0161echno, co n\u00e1m uplynul\u00fd t\u00fdden p\u0159inesl nebo tak\u00e9 odnesl, vyslechneme si z\u00e1\u017eitky z cestov\u00e1n\u00ed, tak\u00e9 z\u00e1\u017eitky z l\u00e9ka\u0159sk\u00fdch ordinac\u00ed, co naplat, tam se prost\u011b n\u011bkdy mus\u00ed. Tr\u00e9nujeme v\u011bdomosti p\u0159i pam\u011b\u0165ov\u00fdch hr\u00e1ch a r\u016fzn\u00e9 rukod\u011bln\u00e9 pr\u00e1ce. Chystali jsme nap\u0159. levanduli a d\u00e1vali po pytl\u00ed\u010dk\u016f z organzy, jako z\u00e1v\u011bs t\u0159eba do auta, do sk\u0159\u00edn\u011b apod. Pl\u00e1nujeme tak\u00e9 tvo\u0159it adventn\u00ed v\u011bnce. V\u0161echny na\u0161e v\u00fdrobky budou p\u0159ipraven\u00e9 k prodeji v r\u00e1mci adventn\u00edho jarmarku p\u0159i na\u0161\u00ed farnosti. Ka\u017ed\u00e9 na\u0161e posezen\u00ed kon\u010d\u00edme modlitbou.\u00a0<\/span><\/p>\n<p><span style=\"font-weight: 400;\">Na minul\u00e9m setk\u00e1n\u00ed n\u00e1s v klubu poctil svoj\u00ed n\u00e1v\u0161t\u011bvou o. Petr. Po uv\u00edtac\u00ed modlitb\u011b jsme si pov\u00eddali <\/span><span style=\"font-weight: 400;\">o v\u0161em mo\u017en\u00e9m. Dozv\u011bd\u011bli jsme se, co v\u0161echno nov\u00e9ho n\u00e1s \u010dek\u00e1 v na\u0161em kostel\u00ed\u010dku, nov\u00e9 vitr\u00e1\u017ee, vymalov\u00e1n\u00ed a dal\u0161\u00ed p\u0159\u00edjemn\u00e9 zm\u011bny. To abychom v roce 2026 mohli d\u016fstojn\u011b oslavit 100 let od posv\u011bcen\u00ed na\u0161eho kostela. Hlavn\u00edm t\u00e9matem na\u0161eho setk\u00e1n\u00ed s o. Petrem byla modlitba. O d\u016fle\u017eitosti <\/span><span style=\"font-weight: 400;\">modlitby. Byly jsme vyzv\u00e1ny, abychom ve sv\u00fdch modlitb\u00e1ch nezapom\u00ednaly na ty, kte\u0159\u00ed se p\u0159ipravuj\u00ed na sv\u00e1tost bi\u0159mov\u00e1n\u00ed, na d\u011bti, kter\u00e9 se p\u0159ipravuj\u00ed k\u00a0prvn\u00edmu svat\u00e9mu p\u0159ij\u00edm\u00e1n\u00ed, za duchovn\u00edho spr\u00e1vce, za sebe navz\u00e1jem.<\/span><span style=\"font-weight: 400;\"><br \/>\n<\/span><span style=\"font-weight: 400;\"><br \/>\n<\/span><span style=\"font-weight: 400;\">Setk\u00e1n\u00ed s o. Petrem bylo povzbuzuj\u00edc\u00ed a inspirativn\u00ed. Jsme velmi vd\u011b\u010dn\u00e9 za to, \u017ee si na n\u00e1s, navzdory jist\u011b p\u0159epln\u011bn\u00e9mu di\u00e1\u0159i, na\u0161el \u010das. Budeme se op\u011bt t\u011b\u0161it na dal\u0161\u00ed setk\u00e1n\u00ed.<\/span><span style=\"font-weight: 400;\"><br \/>\n<\/span><span style=\"font-weight: 400;\"><br \/>\n<\/span><span style=\"font-weight: 400;\">Danka Mozgov\u00e1<\/span><span style=\"font-weight: 400;\"><br \/>\n<\/span><span style=\"font-weight: 400;\"><br \/>\n<\/span><em><span style=\"font-weight: 400;\">\u00a0\u00a0\u00a0\u00a0 S\u00edla modlitby nespo\u010d\u00edv\u00e1 v mno\u017estv\u00ed slov,<\/span><span style=\"font-weight: 400;\"><br \/>\n<\/span><span style=\"font-weight: 400;\">\u00a0\u00a0\u00a0\u00a0 ale v up\u0159\u00edmnosti a p\u0159ipravenosti srdce,<\/span><span style=\"font-weight: 400;\"><br \/>\n<\/span><span style=\"font-weight: 400;\">\u00a0\u00a0\u00a0\u00a0 odevzd\u00e1vat se a naslouchat.<\/span><span style=\"font-weight: 400;\"><br \/>\n<\/span><span style=\"font-weight: 400;\">\u00a0\u00a0\u00a0\u00a0 K\u00e9\u017e by skrze modlitbu rostla na\u0161e l\u00e1ska<\/span><span style=\"font-weight: 400;\"><br \/>\n<\/span><span style=\"font-weight: 400;\">\u00a0\u00a0\u00a0\u00a0 k Nebesk\u00e9mu Otci.<\/span><\/em><span style=\"font-weight: 400;\"><br \/>\n<\/span><span style=\"font-weight: 400;\">\u00a0\u00a0\u00a0\u00a0\u00a0\u00a0\u00a0\u00a0\u00a0\u00a0\u00a0\u00a0\u00a0\u00a0\u00a0\u00a0\u00a0\u00a0\u00a0\u00a0\u00a0\u00a0\u00a0\u00a0\u00a0\u00a0\u00a0\u00a0\u00a0\u00a0\u00a0\u00a0\u00a0\u00a0\u00a0\u00a0\u00a0\u00a0\u00a0\u00a0\u00a0\u00a0\u00a0\u00a0\u00a0\u00a0\u00a0\u00a0\u00a0\u00a0\u00a0 o. Marek Dunda<\/span><\/p>\n<\/div>\n<\/div><\/div><\/div><\/div><\/div>","protected":false},"excerpt":{"rendered":"<p>PROGRAM farn\u00ed klubovna \u2013 \u010dtvrtky 9:30-11:30 hod. Program: posezen\u00ed p\u0159i k\u00e1v\u011b, aran\u017em\u00e1 kv\u011btinov\u00fdch vazeb, tvo\u0159iv\u00e9 d\u00edlny (keramika, malov\u00e1n\u00ed na hedv\u00e1b\u00ed), p\u0159edn\u00e1\u0161ky duchovn\u00ed, odborn\u00e9 (zdravotn\u00ed, zdrav\u00e1 v\u00fd\u017eiva, nov\u00e9 knihy, kosmetick\u00e9), burza recept\u016f &#8211; studen\u00e1 kuchyn\u011b, z\u00e1kusky, ochutn\u00e1vka v\u00e1no\u010dn\u00edho a velikono\u010dn\u00edho cukrov\u00ed, oslavy narozenin, vych\u00e1zky do okol\u00ed Brna, v\u00fdlety autobusem na poutn\u00ed m\u00edsta, term\u00e1ln\u00ed l\u00e1zn\u011b\u2026 atd. Garant:Continue reading &rarr;<\/p>\n","protected":false},"author":2,"featured_media":0,"parent":0,"menu_order":0,"comment_status":"closed","ping_status":"closed","template":"","meta":{"footnotes":""},"class_list":["post-2092","page","type-page","status-publish","hentry","no-thumb"],"_links":{"self":[{"href":"https:\/\/www.farnostliskovec.cz\/index.php?rest_route=\/wp\/v2\/pages\/2092","targetHints":{"allow":["GET"]}}],"collection":[{"href":"https:\/\/www.farnostliskovec.cz\/index.php?rest_route=\/wp\/v2\/pages"}],"about":[{"href":"https:\/\/www.farnostliskovec.cz\/index.php?rest_route=\/wp\/v2\/types\/page"}],"author":[{"embeddable":true,"href":"https:\/\/www.farnostliskovec.cz\/index.php?rest_route=\/wp\/v2\/users\/2"}],"replies":[{"embeddable":true,"href":"https:\/\/www.farnostliskovec.cz\/index.php?rest_route=%2Fwp%2Fv2%2Fcomments&post=2092"}],"version-history":[{"count":27,"href":"https:\/\/www.farnostliskovec.cz\/index.php?rest_route=\/wp\/v2\/pages\/2092\/revisions"}],"predecessor-version":[{"id":4734,"href":"https:\/\/www.farnostliskovec.cz\/index.php?rest_route=\/wp\/v2\/pages\/2092\/revisions\/4734"}],"wp:attachment":[{"href":"https:\/\/www.farnostliskovec.cz\/index.php?rest_route=%2Fwp%2Fv2%2Fmedia&parent=2092"}],"curies":[{"name":"wp","href":"https:\/\/api.w.org\/{rel}","templated":true}]}}