{"id":2110,"date":"2018-12-07T13:57:49","date_gmt":"2018-12-07T12:57:49","guid":{"rendered":"http:\/\/www.farnostliskovec.cz\/?page_id=2110"},"modified":"2025-10-27T17:47:09","modified_gmt":"2025-10-27T16:47:09","slug":"indivindualni-svatosti","status":"publish","type":"page","link":"https:\/\/www.farnostliskovec.cz\/?page_id=2110","title":{"rendered":"Individu\u00e1ln\u00ed sv\u00e1tosti"},"content":{"rendered":"<div id=\"pl-2110\"  class=\"panel-layout\" ><div id=\"pg-2110-0\"  class=\"panel-grid panel-has-style\"  style=\"margin-bottom: 30px\" ><div style=\"padding: 2% 0% 5% 0%;\" class=\"panel-row-style panel-row-style-for-2110-0\" ><div id=\"pgc-2110-0-0\"  class=\"panel-grid-cell\" ><div id=\"panel-2110-0-0-0\" class=\"so-panel widget widget_sow-hero panel-first-child\" data-index=\"0\" style=\"margin-bottom: 30px\" ><div\n\t\t\t\n\t\t\tclass=\"so-widget-sow-hero so-widget-sow-hero-default-74d278d79ccb-2110\"\n\t\t\t\n\t\t>\t\t\t\t<div class=\"sow-slider-base\" style=\"display: none\" tabindex=\"0\">\n\t\t\t\t\t<ul\n\t\t\t\t\tclass=\"sow-slider-images\"\n\t\t\t\t\tdata-settings=\"{&quot;pagination&quot;:true,&quot;speed&quot;:800,&quot;timeout&quot;:8000,&quot;paused&quot;:false,&quot;pause_on_hover&quot;:false,&quot;swipe&quot;:false,&quot;nav_always_show_desktop&quot;:&quot;&quot;,&quot;nav_always_show_mobile&quot;:&quot;&quot;,&quot;breakpoint&quot;:&quot;780px&quot;,&quot;unmute&quot;:false,&quot;anchor&quot;:null}\"\n\t\t\t\t\t\t\t\t\t\tdata-anchor-id=\"\"\n\t\t\t\t>\t\t<li class=\"sow-slider-image  sow-slider-image-cover\" style=\"visibility: visible;;background-color: #333333\" >\n\t\t\t\t\t<div class=\"sow-slider-image-container\">\n\t\t\t<div class=\"sow-slider-image-wrapper\">\n\t\t\t\t<h1 style=\"text-align: center\">K\u0158EST<\/h1>\n<h1 style=\"text-align: center\"><strong>D\u011aT\u00cd<\/strong><\/h1>\t\t\t<\/div>\n\t\t<\/div>\n\t\t<div class=\"sow-slider-image-overlay sow-slider-image-cover\" style=\"opacity: 0.75;background-image: url(https:\/\/www.farnostliskovec.cz\/wp-content\/uploads\/2018\/12\/e03cb60a20f11c3e815d4401ee514793e773e3d211b41641_1920.jpg)\"  ><\/div>\t\t<\/li>\n\t\t<\/ul>\t\t\t\t<ol class=\"sow-slider-pagination\">\n\t\t\t\t\t\t\t\t\t\t\t<li><a href=\"#\" data-goto=\"0\" aria-label=\"Display slide 1\"><\/a><\/li>\n\t\t\t\t\t\t\t\t\t<\/ol>\n\n\t\t\t\t<div class=\"sow-slide-nav sow-slide-nav-next\">\n\t\t\t\t\t<a href=\"#\" data-goto=\"next\" aria-label=\"Next slide\" data-action=\"next\">\n\t\t\t\t\t\t<em class=\"sow-sld-icon-thin-right\"><\/em>\n\t\t\t\t\t<\/a>\n\t\t\t\t<\/div>\n\n\t\t\t\t<div class=\"sow-slide-nav sow-slide-nav-prev\">\n\t\t\t\t\t<a href=\"#\" data-goto=\"previous\" aria-label=\"Previous slide\" data-action=\"prev\">\n\t\t\t\t\t\t<em class=\"sow-sld-icon-thin-left\"><\/em>\n\t\t\t\t\t<\/a>\n\t\t\t\t<\/div>\n\t\t\t\t<\/div><\/div><\/div><div id=\"panel-2110-0-0-1\" class=\"so-panel widget widget_sow-editor panel-last-child\" data-index=\"1\" ><div\n\t\t\t\n\t\t\tclass=\"so-widget-sow-editor so-widget-sow-editor-base\"\n\t\t\t\n\t\t>\n<div class=\"siteorigin-widget-tinymce textwidget\">\n\t<p>K\u0159est je vyzn\u00e1n\u00ed v\u00edry, v\u010dlen\u011bn\u00ed do spole\u010denstv\u00ed c\u00edrkve a p\u0159ijet\u00ed v\u0161ech dar\u016f a z\u00e1vazk\u016f, kter\u00e9 z\u00a0toho vypl\u00fdvaj\u00ed. V\u00a0p\u0159\u00edpad\u011b mal\u00e9ho d\u00edt\u011bte toto rozhodnut\u00ed jeho jm\u00e9nem mohou u\u010dinit pouze rodi\u010de anebo ti, kdo stoj\u00ed na jejich m\u00edst\u011b podle z\u00e1kona.<\/p>\n<p>Aby d\u00edt\u011b mohlo p\u0159ijmout k\u0159est, je tedy nutn\u00fd souhlas rodi\u010d\u016f nebo alespo\u0148 jednoho z\u00a0nich, p\u0159\u00edpadn\u011b t\u011bch, kte\u0159\u00ed jsou z\u00e1konn\u011b na jejich m\u00edst\u011b. Z\u00e1rove\u0148 je d\u016fle\u017eit\u00e1 opodstatn\u011bn\u00e1 nad\u011bje, \u017ee bude d\u00edt\u011b vychov\u00e1v\u00e1no v\u00a0katolick\u00e9m n\u00e1bo\u017eenstv\u00ed. Jestli\u017ee tato nad\u011bje zcela chyb\u00ed, k\u0159est se odlo\u017e\u00ed. Alespo\u0148 jeden z\u00a0rodi\u010d\u016f mus\u00ed b\u00fdt pok\u0159t\u011bn. P\u0159edpokladem je, \u017ee rodi\u010de maj\u00ed uzav\u0159en\u00fd c\u00edrkevn\u00ed s\u0148atek. Pokud tomu tak nen\u00ed, je t\u0159eba se domluvit s kn\u011bzem.<\/p>\n<p>Pokud rodi\u010de d\u00edt\u011bte nemaj\u00ed bydli\u0161t\u011b (rozum\u011bj m\u00edsto pobytu = m\u00edsto, kde pob\u00fdvaj\u00ed dobu del\u0161\u00ed ne\u017e t\u0159i m\u011bs\u00edce) na \u00fazem\u00ed M\u010c Brno - Star\u00fd L\u00edskovec, p\u0159\u00edpadn\u011b Brno - Bohunice, je nutn\u00fd souhlas far\u00e1\u0159e m\u00edsta jejich bydli\u0161t\u011b.<\/p>\n<p>P\u0159ed k\u0159tem se rodi\u010de \u00fa\u010dastn\u00ed p\u0159\u00edpravy. Na tuto p\u0159\u00edpravu je t\u0159eba se p\u0159edem domluvit, a to bu\u010f telefonicky nebo e-mailem. V\u017edy je t\u0159eba na domluvu term\u00ednu k\u0159tu a dal\u0161\u00edch n\u00e1le\u017eitost\u00ed osobn\u00ed setk\u00e1n\u00ed s\u00a0kn\u011bzem. K\u0159est je ud\u011blov\u00e1n obvykle v\u00a0ned\u011bli p\u0159i bohoslu\u017eb\u011b v 9:30.<\/p>\n<p>N\u00ed\u017ee jsou dokumenty pot\u0159ebn\u00e9 ke k\u0159tu d\u00edt\u011bte:<\/p>\n<p>Term\u00edny k\u0159estn\u00edch ned\u011bl\u00ed pro 1. pololet\u00ed roku 2026<\/p>\n<p>Formul\u00e1\u0159 \u017e\u00e1dosti o k\u0159est<\/p>\n<\/div>\n<\/div><\/div><\/div><div id=\"pgc-2110-0-1\"  class=\"panel-grid-cell\" ><div id=\"panel-2110-0-1-0\" class=\"so-panel widget widget_sow-hero panel-first-child\" data-index=\"2\" style=\"margin-bottom: 30px\" ><div\n\t\t\t\n\t\t\tclass=\"so-widget-sow-hero so-widget-sow-hero-default-74d278d79ccb-2110\"\n\t\t\t\n\t\t>\t\t\t\t<div class=\"sow-slider-base\" style=\"display: none\" tabindex=\"0\">\n\t\t\t\t\t<ul\n\t\t\t\t\tclass=\"sow-slider-images\"\n\t\t\t\t\tdata-settings=\"{&quot;pagination&quot;:true,&quot;speed&quot;:800,&quot;timeout&quot;:8000,&quot;paused&quot;:false,&quot;pause_on_hover&quot;:false,&quot;swipe&quot;:false,&quot;nav_always_show_desktop&quot;:&quot;&quot;,&quot;nav_always_show_mobile&quot;:&quot;&quot;,&quot;breakpoint&quot;:&quot;780px&quot;,&quot;unmute&quot;:false,&quot;anchor&quot;:null}\"\n\t\t\t\t\t\t\t\t\t\tdata-anchor-id=\"\"\n\t\t\t\t>\t\t<li class=\"sow-slider-image  sow-slider-image-cover\" style=\"visibility: visible;;background-color: #333333\" >\n\t\t\t\t\t<div class=\"sow-slider-image-container\">\n\t\t\t<div class=\"sow-slider-image-wrapper\">\n\t\t\t\t<h1 style=\"text-align: center\">K\u0158EST<\/h1>\n<h1 style=\"text-align: center\"><strong>DOSP\u011aL\u00ddCH<\/strong><\/h1>\t\t\t<\/div>\n\t\t<\/div>\n\t\t<div class=\"sow-slider-image-overlay sow-slider-image-cover\" style=\"opacity: 0.75;background-image: url(https:\/\/www.farnostliskovec.cz\/wp-content\/uploads\/2018\/12\/ea33b6092cf2063ecd0b4204e2445b97e673e6d41eb8104190_1920.jpg)\"  ><\/div>\t\t<\/li>\n\t\t<\/ul>\t\t\t\t<ol class=\"sow-slider-pagination\">\n\t\t\t\t\t\t\t\t\t\t\t<li><a href=\"#\" data-goto=\"0\" aria-label=\"Display slide 1\"><\/a><\/li>\n\t\t\t\t\t\t\t\t\t<\/ol>\n\n\t\t\t\t<div class=\"sow-slide-nav sow-slide-nav-next\">\n\t\t\t\t\t<a href=\"#\" data-goto=\"next\" aria-label=\"Next slide\" data-action=\"next\">\n\t\t\t\t\t\t<em class=\"sow-sld-icon-thin-right\"><\/em>\n\t\t\t\t\t<\/a>\n\t\t\t\t<\/div>\n\n\t\t\t\t<div class=\"sow-slide-nav sow-slide-nav-prev\">\n\t\t\t\t\t<a href=\"#\" data-goto=\"previous\" aria-label=\"Previous slide\" data-action=\"prev\">\n\t\t\t\t\t\t<em class=\"sow-sld-icon-thin-left\"><\/em>\n\t\t\t\t\t<\/a>\n\t\t\t\t<\/div>\n\t\t\t\t<\/div><\/div><\/div><div id=\"panel-2110-0-1-1\" class=\"so-panel widget widget_sow-editor panel-last-child\" data-index=\"3\" ><div\n\t\t\t\n\t\t\tclass=\"so-widget-sow-editor so-widget-sow-editor-base\"\n\t\t\t\n\t\t>\n<div class=\"siteorigin-widget-tinymce textwidget\">\n\t<p style=\"text-align: left;\">P\u0159ed k\u0159tem se kon\u00e1 katechumen\u00e1t, kter\u00fd trv\u00e1 jeden rok. \u017d\u00e1d\u00e1-li o k\u0159est dosp\u011bl\u00fd, je t\u0159eba se nejd\u0159\u00edve domluvit na osobn\u00edm setk\u00e1n\u00ed s\u00a0kn\u011bzem.<\/p>\n<\/div>\n<\/div><\/div><\/div><div id=\"pgc-2110-0-2\"  class=\"panel-grid-cell\" ><div id=\"panel-2110-0-2-0\" class=\"so-panel widget widget_sow-hero panel-first-child\" data-index=\"4\" style=\"margin-bottom: 30px\" ><div\n\t\t\t\n\t\t\tclass=\"so-widget-sow-hero so-widget-sow-hero-default-74d278d79ccb-2110\"\n\t\t\t\n\t\t>\t\t\t\t<div class=\"sow-slider-base\" style=\"display: none\" tabindex=\"0\">\n\t\t\t\t\t<ul\n\t\t\t\t\tclass=\"sow-slider-images\"\n\t\t\t\t\tdata-settings=\"{&quot;pagination&quot;:true,&quot;speed&quot;:800,&quot;timeout&quot;:8000,&quot;paused&quot;:false,&quot;pause_on_hover&quot;:false,&quot;swipe&quot;:false,&quot;nav_always_show_desktop&quot;:&quot;&quot;,&quot;nav_always_show_mobile&quot;:&quot;&quot;,&quot;breakpoint&quot;:&quot;780px&quot;,&quot;unmute&quot;:false,&quot;anchor&quot;:null}\"\n\t\t\t\t\t\t\t\t\t\tdata-anchor-id=\"\"\n\t\t\t\t>\t\t<li class=\"sow-slider-image  sow-slider-image-cover\" style=\"visibility: visible;;background-color: #333333\" >\n\t\t\t\t\t<div class=\"sow-slider-image-container\">\n\t\t\t<div class=\"sow-slider-image-wrapper\">\n\t\t\t\t<h1 style=\"text-align: center\">SV\u00c1TOST<\/h1>\n<h1 style=\"text-align: center\"><strong>MAN\u017dELSTV\u00cd<\/strong><\/h1>\t\t\t<\/div>\n\t\t<\/div>\n\t\t<div class=\"sow-slider-image-overlay sow-slider-image-cover\" style=\"opacity: 0.75;background-image: url(https:\/\/www.farnostliskovec.cz\/wp-content\/uploads\/2018\/12\/ec37b80928f31c3e815d4401ee514793e773e3d210b01647_1920.jpg)\"  ><\/div>\t\t<\/li>\n\t\t<\/ul>\t\t\t\t<ol class=\"sow-slider-pagination\">\n\t\t\t\t\t\t\t\t\t\t\t<li><a href=\"#\" data-goto=\"0\" aria-label=\"Display slide 1\"><\/a><\/li>\n\t\t\t\t\t\t\t\t\t<\/ol>\n\n\t\t\t\t<div class=\"sow-slide-nav sow-slide-nav-next\">\n\t\t\t\t\t<a href=\"#\" data-goto=\"next\" aria-label=\"Next slide\" data-action=\"next\">\n\t\t\t\t\t\t<em class=\"sow-sld-icon-thin-right\"><\/em>\n\t\t\t\t\t<\/a>\n\t\t\t\t<\/div>\n\n\t\t\t\t<div class=\"sow-slide-nav sow-slide-nav-prev\">\n\t\t\t\t\t<a href=\"#\" data-goto=\"previous\" aria-label=\"Previous slide\" data-action=\"prev\">\n\t\t\t\t\t\t<em class=\"sow-sld-icon-thin-left\"><\/em>\n\t\t\t\t\t<\/a>\n\t\t\t\t<\/div>\n\t\t\t\t<\/div><\/div><\/div><div id=\"panel-2110-0-2-1\" class=\"so-panel widget widget_sow-editor panel-last-child\" data-index=\"5\" ><div\n\t\t\t\n\t\t\tclass=\"so-widget-sow-editor so-widget-sow-editor-base\"\n\t\t\t\n\t\t>\n<div class=\"siteorigin-widget-tinymce textwidget\">\n\t<p style=\"text-align: left;\">C\u00edrkevn\u00ed s\u0148atek je mo\u017en\u00e9 uzav\u0159\u00edt, je-li alespo\u0148 jeden ze snoubenc\u016f pok\u0159t\u011bn\u00fd katol\u00edk. Je-li jeden ze snoubenc\u016f nekatol\u00edk nebo nepok\u0159t\u011bn\u00fd, ale souhlas\u00ed s formou a z\u00e1vazky katolick\u00e9ho man\u017eelstv\u00ed, vy\u0159izuje se dovolen\u00ed od biskupa. C\u00edrkevn\u00ed s\u0148atek je mo\u017en\u00e9 uzav\u0159\u00edt, jsou-li oba snoubenci svobodn\u00ed. Je-li jeden nebo oba ze snoubenc\u016f rozveden\u00fd, je nutn\u00e1 sch\u016fzka s kn\u011bzem, kde se rozhodne, zda podle c\u00edrkevn\u00edho pr\u00e1va je mo\u017en\u00e9 s\u0148atek p\u0159ed c\u00edrkv\u00ed uzav\u0159\u00edt.<\/p>\n<\/div>\n<\/div><\/div><\/div><\/div><\/div><div id=\"pg-2110-1\"  class=\"panel-grid panel-has-style\" ><div style=\"padding: 2% 0% 5% 0%;\" class=\"panel-row-style panel-row-style-for-2110-1\" ><div id=\"pgc-2110-1-0\"  class=\"panel-grid-cell\" ><div id=\"panel-2110-1-0-0\" class=\"so-panel widget widget_sow-hero panel-first-child\" data-index=\"6\" style=\"margin-bottom: 30px\" ><div\n\t\t\t\n\t\t\tclass=\"so-widget-sow-hero so-widget-sow-hero-default-74d278d79ccb-2110\"\n\t\t\t\n\t\t>\t\t\t\t<div class=\"sow-slider-base\" style=\"display: none\" tabindex=\"0\">\n\t\t\t\t\t<ul\n\t\t\t\t\tclass=\"sow-slider-images\"\n\t\t\t\t\tdata-settings=\"{&quot;pagination&quot;:true,&quot;speed&quot;:800,&quot;timeout&quot;:8000,&quot;paused&quot;:false,&quot;pause_on_hover&quot;:false,&quot;swipe&quot;:false,&quot;nav_always_show_desktop&quot;:&quot;&quot;,&quot;nav_always_show_mobile&quot;:&quot;&quot;,&quot;breakpoint&quot;:&quot;780px&quot;,&quot;unmute&quot;:false,&quot;anchor&quot;:null}\"\n\t\t\t\t\t\t\t\t\t\tdata-anchor-id=\"\"\n\t\t\t\t>\t\t<li class=\"sow-slider-image  sow-slider-image-cover\" style=\"visibility: visible;;background-color: #333333\" >\n\t\t\t\t\t<div class=\"sow-slider-image-container\">\n\t\t\t<div class=\"sow-slider-image-wrapper\">\n\t\t\t\t<h1 style=\"text-align: center\">SV\u00c1TOST<\/h1>\n<h1 style=\"text-align: center\"><strong>SM\u00cd\u0158EN\u00cd<\/strong><\/h1>\n\t\t\t<\/div>\n\t\t<\/div>\n\t\t<div class=\"sow-slider-image-overlay sow-slider-image-cover\" style=\"opacity: 0.75;background-image: url(https:\/\/www.farnostliskovec.cz\/wp-content\/uploads\/2018\/12\/ea34b50d2af6083ecd0b4204e2445b97e673e6d41eb8194493_1920.jpg)\"  ><\/div>\t\t<\/li>\n\t\t<\/ul>\t\t\t\t<ol class=\"sow-slider-pagination\">\n\t\t\t\t\t\t\t\t\t\t\t<li><a href=\"#\" data-goto=\"0\" aria-label=\"Display slide 1\"><\/a><\/li>\n\t\t\t\t\t\t\t\t\t<\/ol>\n\n\t\t\t\t<div class=\"sow-slide-nav sow-slide-nav-next\">\n\t\t\t\t\t<a href=\"#\" data-goto=\"next\" aria-label=\"Next slide\" data-action=\"next\">\n\t\t\t\t\t\t<em class=\"sow-sld-icon-thin-right\"><\/em>\n\t\t\t\t\t<\/a>\n\t\t\t\t<\/div>\n\n\t\t\t\t<div class=\"sow-slide-nav sow-slide-nav-prev\">\n\t\t\t\t\t<a href=\"#\" data-goto=\"previous\" aria-label=\"Previous slide\" data-action=\"prev\">\n\t\t\t\t\t\t<em class=\"sow-sld-icon-thin-left\"><\/em>\n\t\t\t\t\t<\/a>\n\t\t\t\t<\/div>\n\t\t\t\t<\/div><\/div><\/div><div id=\"panel-2110-1-0-1\" class=\"so-panel widget widget_sow-editor panel-last-child\" data-index=\"7\" ><div\n\t\t\t\n\t\t\tclass=\"so-widget-sow-editor so-widget-sow-editor-base\"\n\t\t\t\n\t\t>\n<div class=\"siteorigin-widget-tinymce textwidget\">\n\t<p>Ve zpov\u011bdn\u00ed m\u00edstnosti v kostele je mo\u017enost p\u0159ijet\u00ed sv\u00e1tosti sm\u00ed\u0159en\u00ed p\u016fl hodiny p\u0159ede m\u0161\u00ed svatou. Jin\u00e9 term\u00edny si lze osobn\u011b domluvit.<\/p>\n<\/div>\n<\/div><\/div><\/div><div id=\"pgc-2110-1-1\"  class=\"panel-grid-cell\" ><div id=\"panel-2110-1-1-0\" class=\"so-panel widget widget_sow-hero panel-first-child\" data-index=\"8\" style=\"margin-bottom: 30px\" ><div\n\t\t\t\n\t\t\tclass=\"so-widget-sow-hero so-widget-sow-hero-default-74d278d79ccb-2110\"\n\t\t\t\n\t\t>\t\t\t\t<div class=\"sow-slider-base\" style=\"display: none\" tabindex=\"0\">\n\t\t\t\t\t<ul\n\t\t\t\t\tclass=\"sow-slider-images\"\n\t\t\t\t\tdata-settings=\"{&quot;pagination&quot;:true,&quot;speed&quot;:800,&quot;timeout&quot;:8000,&quot;paused&quot;:false,&quot;pause_on_hover&quot;:false,&quot;swipe&quot;:false,&quot;nav_always_show_desktop&quot;:&quot;&quot;,&quot;nav_always_show_mobile&quot;:&quot;&quot;,&quot;breakpoint&quot;:&quot;780px&quot;,&quot;unmute&quot;:false,&quot;anchor&quot;:null}\"\n\t\t\t\t\t\t\t\t\t\tdata-anchor-id=\"\"\n\t\t\t\t>\t\t<li class=\"sow-slider-image  sow-slider-image-cover\" style=\"visibility: visible;;background-color: #333333\" >\n\t\t\t\t\t<div class=\"sow-slider-image-container\">\n\t\t\t<div class=\"sow-slider-image-wrapper\">\n\t\t\t\t<h1 style=\"text-align: center\">SV\u00c1TOST<\/h1>\n<h1 style=\"text-align: center\"><strong>NEMOCN\u00ddCH<\/strong><\/h1>\t\t\t<\/div>\n\t\t<\/div>\n\t\t<div class=\"sow-slider-image-overlay sow-slider-image-cover\" style=\"opacity: 0.75;background-image: url(https:\/\/www.farnostliskovec.cz\/wp-content\/uploads\/2018\/12\/e834b50621f6053ecd0b4204e2445b97e673e6d41eb8184995_1920.jpg)\"  ><\/div>\t\t<\/li>\n\t\t<\/ul>\t\t\t\t<ol class=\"sow-slider-pagination\">\n\t\t\t\t\t\t\t\t\t\t\t<li><a href=\"#\" data-goto=\"0\" aria-label=\"Display slide 1\"><\/a><\/li>\n\t\t\t\t\t\t\t\t\t<\/ol>\n\n\t\t\t\t<div class=\"sow-slide-nav sow-slide-nav-next\">\n\t\t\t\t\t<a href=\"#\" data-goto=\"next\" aria-label=\"Next slide\" data-action=\"next\">\n\t\t\t\t\t\t<em class=\"sow-sld-icon-thin-right\"><\/em>\n\t\t\t\t\t<\/a>\n\t\t\t\t<\/div>\n\n\t\t\t\t<div class=\"sow-slide-nav sow-slide-nav-prev\">\n\t\t\t\t\t<a href=\"#\" data-goto=\"previous\" aria-label=\"Previous slide\" data-action=\"prev\">\n\t\t\t\t\t\t<em class=\"sow-sld-icon-thin-left\"><\/em>\n\t\t\t\t\t<\/a>\n\t\t\t\t<\/div>\n\t\t\t\t<\/div><\/div><\/div><div id=\"panel-2110-1-1-1\" class=\"so-panel widget widget_sow-editor panel-last-child\" data-index=\"9\" ><div\n\t\t\t\n\t\t\tclass=\"so-widget-sow-editor so-widget-sow-editor-base\"\n\t\t\t\n\t\t>\n<div class=\"siteorigin-widget-tinymce textwidget\">\n\t<p style=\"text-align: left;\">V kostele se ud\u00edl\u00ed sv\u00e1tost nemocn\u00fdch pro v\u00edce lid\u00ed v r\u00e1mci m\u0161e svat\u00e9 v postn\u00ed dob\u011b. Je mo\u017en\u00e9 si osobn\u011b domluvit p\u0159ijet\u00ed t\u00e9to sv\u00e1tosti, a\u0165 ji\u017e v kostele, na fa\u0159e, \u010di doma \/pro ty, kte\u0159\u00ed nemohou p\u0159ij\u00edt do kostela\/.<\/p>\n<\/div>\n<\/div><\/div><\/div><div id=\"pgc-2110-1-2\"  class=\"panel-grid-cell\" ><div id=\"panel-2110-1-2-0\" class=\"so-panel widget widget_sow-hero panel-first-child\" data-index=\"10\" style=\"margin-bottom: 30px\" ><div\n\t\t\t\n\t\t\tclass=\"so-widget-sow-hero so-widget-sow-hero-default-74d278d79ccb-2110\"\n\t\t\t\n\t\t>\t\t\t\t<div class=\"sow-slider-base\" style=\"display: none\" tabindex=\"0\">\n\t\t\t\t\t<ul\n\t\t\t\t\tclass=\"sow-slider-images\"\n\t\t\t\t\tdata-settings=\"{&quot;pagination&quot;:true,&quot;speed&quot;:800,&quot;timeout&quot;:8000,&quot;paused&quot;:false,&quot;pause_on_hover&quot;:false,&quot;swipe&quot;:false,&quot;nav_always_show_desktop&quot;:&quot;&quot;,&quot;nav_always_show_mobile&quot;:&quot;&quot;,&quot;breakpoint&quot;:&quot;780px&quot;,&quot;unmute&quot;:false,&quot;anchor&quot;:null}\"\n\t\t\t\t\t\t\t\t\t\tdata-anchor-id=\"\"\n\t\t\t\t>\t\t<li class=\"sow-slider-image  sow-slider-image-cover\" style=\"visibility: visible;;background-color: #333333\" >\n\t\t\t\t\t<div class=\"sow-slider-image-container\">\n\t\t\t<div class=\"sow-slider-image-wrapper\">\n\t\t\t\t<h1 style=\"text-align: center\">SV\u00c1TOST<\/h1>\n<h1 style=\"text-align: center\"><strong>BI\u0158MOV\u00c1N\u00cd<\/strong><\/h1>\t\t\t<\/div>\n\t\t<\/div>\n\t\t<div class=\"sow-slider-image-overlay sow-slider-image-cover\" style=\"opacity: 0.75;background-image: url(https:\/\/www.farnostliskovec.cz\/wp-content\/uploads\/2018\/12\/oltar.jpg)\"  ><\/div>\t\t<\/li>\n\t\t<\/ul>\t\t\t\t<ol class=\"sow-slider-pagination\">\n\t\t\t\t\t\t\t\t\t\t\t<li><a href=\"#\" data-goto=\"0\" aria-label=\"Display slide 1\"><\/a><\/li>\n\t\t\t\t\t\t\t\t\t<\/ol>\n\n\t\t\t\t<div class=\"sow-slide-nav sow-slide-nav-next\">\n\t\t\t\t\t<a href=\"#\" data-goto=\"next\" aria-label=\"Next slide\" data-action=\"next\">\n\t\t\t\t\t\t<em class=\"sow-sld-icon-thin-right\"><\/em>\n\t\t\t\t\t<\/a>\n\t\t\t\t<\/div>\n\n\t\t\t\t<div class=\"sow-slide-nav sow-slide-nav-prev\">\n\t\t\t\t\t<a href=\"#\" data-goto=\"previous\" aria-label=\"Previous slide\" data-action=\"prev\">\n\t\t\t\t\t\t<em class=\"sow-sld-icon-thin-left\"><\/em>\n\t\t\t\t\t<\/a>\n\t\t\t\t<\/div>\n\t\t\t\t<\/div><\/div><\/div><div id=\"panel-2110-1-2-1\" class=\"so-panel widget widget_sow-editor panel-last-child\" data-index=\"11\" ><div\n\t\t\t\n\t\t\tclass=\"so-widget-sow-editor so-widget-sow-editor-base\"\n\t\t\t\n\t\t>\n<div class=\"siteorigin-widget-tinymce textwidget\">\n\t<p style=\"text-align: left;\">Sv\u00e1tost bi\u0159mov\u00e1n\u00ed posiluje k\u0159est a upev\u0148uje k\u0159estn\u00ed milost. Ve Star\u00e9m z\u00e1kon\u011b proroci ohla\u0161ovali, \u017ee o\u010dek\u00e1van\u00fd Mesi\u00e1\u0161 i cel\u00fd mesi\u00e1\u0161sk\u00fd lid dostane Ducha P\u00e1n\u011b. Cel\u00fd \u017eivot a posl\u00e1n\u00ed Je\u017e\u00ed\u0161e se odehr\u00e1vaj\u00ed v naprost\u00e9m spole\u010denstv\u00ed s Duchem svat\u00fdm. Apo\u0161tolov\u00e9 dost\u00e1vaj\u00ed Ducha svat\u00e9ho o Letnic\u00edch, a pot\u00e9 p\u0159ed\u00e1vaj\u00ed nov\u011b pok\u0159t\u011bn\u00fdm dar t\u00e9ho\u017e Ducha vkl\u00e1d\u00e1n\u00edm rukou. B\u011bhem stalet\u00ed c\u00edrkev i nad\u00e1le \u017eila z Ducha a p\u0159ed\u00e1vala ho sv\u00fdm d\u011btem. Podstatn\u00fdm ob\u0159adem bi\u0159mov\u00e1n\u00ed je pomaz\u00e1n\u00ed posv\u00e1tn\u00fdm k\u0159i\u017emem (olej sm\u00ed\u0161en\u00fd s balz\u00e1mem, posv\u011bcen\u00fd biskupem) doprov\u00e1zen\u00e9 vkl\u00e1d\u00e1n\u00edm rukou vysluhovatele, kter\u00fd p\u0159itom pron\u00e1\u0161\u00ed sv\u00e1tostn\u00e1 slova: \u201eP\u0159ijmi pe\u010de\u0165 daru Ducha svat\u00e9ho.\u201c<\/p>\n<p style=\"text-align: left;\">P\u0159\u00edprava za\u010d\u00edn\u00e1 jednou za dva roky.<\/p>\n<\/div>\n<\/div><\/div><\/div><\/div><\/div><\/div>","protected":false},"excerpt":{"rendered":"<p>K\u0159est je vyzn\u00e1n\u00ed v\u00edry, v\u010dlen\u011bn\u00ed do spole\u010denstv\u00ed c\u00edrkve a p\u0159ijet\u00ed v\u0161ech dar\u016f a z\u00e1vazk\u016f, kter\u00e9 z\u00a0toho vypl\u00fdvaj\u00ed. V\u00a0p\u0159\u00edpad\u011b mal\u00e9ho d\u00edt\u011bte toto rozhodnut\u00ed jeho jm\u00e9nem mohou u\u010dinit pouze rodi\u010de anebo ti, kdo stoj\u00ed na jejich m\u00edst\u011b podle z\u00e1kona. Aby d\u00edt\u011b mohlo p\u0159ijmout k\u0159est, je tedy nutn\u00fd souhlas rodi\u010d\u016f nebo alespo\u0148 jednoho z\u00a0nich, p\u0159\u00edpadn\u011b t\u011bch, kte\u0159\u00ed jsouContinue reading &rarr;<\/p>\n","protected":false},"author":2,"featured_media":0,"parent":1739,"menu_order":0,"comment_status":"closed","ping_status":"closed","template":"","meta":{"footnotes":""},"class_list":["post-2110","page","type-page","status-publish","hentry","no-thumb"],"_links":{"self":[{"href":"https:\/\/www.farnostliskovec.cz\/index.php?rest_route=\/wp\/v2\/pages\/2110","targetHints":{"allow":["GET"]}}],"collection":[{"href":"https:\/\/www.farnostliskovec.cz\/index.php?rest_route=\/wp\/v2\/pages"}],"about":[{"href":"https:\/\/www.farnostliskovec.cz\/index.php?rest_route=\/wp\/v2\/types\/page"}],"author":[{"embeddable":true,"href":"https:\/\/www.farnostliskovec.cz\/index.php?rest_route=\/wp\/v2\/users\/2"}],"replies":[{"embeddable":true,"href":"https:\/\/www.farnostliskovec.cz\/index.php?rest_route=%2Fwp%2Fv2%2Fcomments&post=2110"}],"version-history":[{"count":70,"href":"https:\/\/www.farnostliskovec.cz\/index.php?rest_route=\/wp\/v2\/pages\/2110\/revisions"}],"predecessor-version":[{"id":4801,"href":"https:\/\/www.farnostliskovec.cz\/index.php?rest_route=\/wp\/v2\/pages\/2110\/revisions\/4801"}],"up":[{"embeddable":true,"href":"https:\/\/www.farnostliskovec.cz\/index.php?rest_route=\/wp\/v2\/pages\/1739"}],"wp:attachment":[{"href":"https:\/\/www.farnostliskovec.cz\/index.php?rest_route=%2Fwp%2Fv2%2Fmedia&parent=2110"}],"curies":[{"name":"wp","href":"https:\/\/api.w.org\/{rel}","templated":true}]}}