{"id":3007,"date":"2020-07-10T08:51:40","date_gmt":"2020-07-10T07:51:40","guid":{"rendered":"http:\/\/www.farnostliskovec.cz\/?page_id=3007"},"modified":"2021-04-28T10:58:45","modified_gmt":"2021-04-28T09:58:45","slug":"nova-strecha","status":"publish","type":"page","link":"https:\/\/www.farnostliskovec.cz\/?page_id=3007","title":{"rendered":"Nov\u00e1 st\u0159echa"},"content":{"rendered":"\n<p><span style=\"color:#a20000\" class=\"has-inline-color\">Aktualizace<\/span>: Sb\u00edrka na na\u0161i novou st\u0159echu byla ukon\u010dena. Poda\u0159ilo se dos\u00e1hnout pot\u0159ebn\u00e9 \u010d\u00e1stky 1 500 000 K\u010d. P\u00e1n B\u016fh zapla\u0165 ka\u017ed\u00e9mu, kdo se zaslou\u017eil o to, \u017ee toto velik\u00e9 d\u00edlo mohlo dob\u0159e prob\u011bhnout.<\/p>\n\n\n<p><script src=\"https:\/\/ajax.googleapis.com\/ajax\/libs\/jquery\/3.5.1\/jquery.min.js\"><\/script><br \/><script src=\"https:\/\/www.farnostliskovec.cz\/strecha\/skript.js\"><\/script><br \/><div id=\"uvodniText\"><p style=\"text-align:justify;\">Na p\u0159elomu m\u011bs\u00edce srpna roku 2020 za\u010daly dlouho pl\u00e1novan\u00e9 pr\u00e1ce na oprav\u011b st\u0159echy na\u0161eho kostela. P\u016fvodn\u00edm term\u00ednem m\u011bl b\u00fdt \u010derven lo\u0148sk\u00e9ho roku, ale v\u0161e se muselo odlo\u017eit kv\u016fli v\u00fdm\u011bn\u011b duchovn\u00edch spr\u00e1vc\u016f farnosti. Nyn\u00ed u\u017e nic nebr\u00e1n\u00ed tomu, aby v\u0161e mohlo prob\u00edhat podle pl\u00e1nu.<br \/>\r\nSt\u00e1vaj\u00edc\u00ed st\u0159e\u0161n\u00ed krytina byla na kostel polo\u017eena v\u00a0roce 1988 a\u00a0jej\u00ed \u017eivotnost se postupn\u011b nach\u00fdlila ke sv\u00e9mu konci, proto n\u00e1s v\u00a0z\u00e1v\u011bru tohoto roku \u010dek\u00e1 prvn\u00ed f\u00e1ze prac\u00ed, p\u0159i kter\u00fdch by se m\u011blo za\u010d\u00edt v\u00fdm\u011bnou st\u0159e\u0161n\u00ed krytiny v\u00a0nejposti\u017een\u011bj\u0161\u00ed \u010d\u00e1sti (star\u00e1 z\u00e1kristie) a\u00a0pokra\u010dovat presbyt\u00e1\u0159em a\u017e do poloviny lodi kostela. Druh\u00e1 f\u00e1ze prob\u011bhne v n\u00e1sleduj\u00edc\u00edm roce.<br \/>\r\nRozd\u011blen\u00ed prac\u00ed na dv\u011b f\u00e1ze je z\u00a0d\u016fvodu, \u017ee v\u011bt\u0161inu investice (1,6 milion\u016f K\u010d) si budeme muset jako farnost zaplatit sami. Proto se na v\u00e1s obrac\u00edm touto formou. N\u011bkte\u0159\u00ed d\u0159\u00edve narozen\u00ed si pamatuj\u00ed, \u017ee kdy\u017e se v\u00a0kostele m\u011bnila podlaha, ka\u017ed\u00fd si mohl koupit pomyslnou dla\u017edici, na kter\u00e9 p\u0159i m\u0161i stoj\u00ed. Rozhodli jsme se s\u00a0pastora\u010dn\u00ed radou nav\u00e1zat na tuto tradici a\u00a0ned\u011blat jen nekone\u010dn\u00e9 sb\u00edrky, ale nab\u00eddnout podobnou mo\u017enost s\u00a0koup\u00ed pomysln\u00e9 st\u0159e\u0161n\u00ed ta\u0161ky.<br \/>\r\nP\u0159ed sebou m\u00e1te obr\u00e1zek na\u0161eho kostela slo\u017een\u00fd z\u00a0d\u00edlk\u016f puzzle, kde ka\u017ed\u00fd d\u00edlek m\u00e1 p\u0159edstavovat jednu nebo v\u00edce ta\u0161ek (podle jeho hodnoty). Sta\u010d\u00ed tedy kliknout na \u017e\u00e1dan\u00e9 d\u00edlky a\u00a0pak podle pokyn\u016f poslat dar na farn\u00ed \u00fa\u010det, a\u0165 u\u017e jako anonymn\u00ed d\u00e1rce nebo jmenovan\u00fd i\u00a0s\u00a0mo\u017enost\u00ed odepsat si danou \u010d\u00e1stku z dan\u00ed.<br \/>\r\nPevn\u011b v\u011b\u0159\u00edm, \u017ee n\u00e1m tato mo\u017enost zajist\u00ed zafinancov\u00e1n\u00ed t\u00e9to v posledn\u00ed dob\u011b nejv\u011bt\u0161\u00ed investice a\u00a0\u017ee i\u00a0nad\u00e1le budeme moci udr\u017eovat d\u011bdictv\u00ed po na\u0161ich otc\u00edch v\u00a0takov\u00e9m stavu, aby mohlo slou\u017eit nejen n\u00e1m, ale i\u00a0t\u011bm, kte\u0159\u00ed p\u0159ijdou po n\u00e1s.<\/p>\r\n<p style=\"text-align:right\">o. Jaroslav Ra\u0161ovsk\u00fd<\/p><\/div><div class=\"plocha\" style=\"border: 2px solid black;\">\r\n  <img decoding=\"async\" class=\"l1 s1\" src=\"\/strecha\/obr\/puzzl_rez.png\" >\r\n  <img decoding=\"async\" class=\"l1 s27\" src=\"\/strecha\/obr\/puzzl_rez.png\" >\r\n  <img decoding=\"async\" class=\"l2 s1\" src=\"\/strecha\/obr\/puzzl_rez.png\" >\r\n  <img decoding=\"async\" class=\"l2 s27\" src=\"\/strecha\/obr\/puzzl_rez.png\" >\r\n  <img decoding=\"async\" class=\"l3 s1\" src=\"\/strecha\/obr\/puzzl_rez.png\" >\r\n  <img decoding=\"async\" class=\"l3 s27\" src=\"\/strecha\/obr\/puzzl_rez.png\" >\r\n  <img decoding=\"async\" class=\"l4 s1\" src=\"\/strecha\/obr\/puzzl_rez.png\" >\r\n  <img decoding=\"async\" class=\"l4 s27\" src=\"\/strecha\/obr\/puzzl_rez.png\" >\r\n  <img decoding=\"async\" class=\"l5 s1\" src=\"\/strecha\/obr\/puzzl_rez.png\" >\r\n  <img decoding=\"async\" class=\"l5 s27\" src=\"\/strecha\/obr\/puzzl_rez.png\" >\r\n  <img decoding=\"async\" class=\"l6 s1\" src=\"\/strecha\/obr\/puzzl_rez.png\" >\r\n  <img decoding=\"async\" class=\"l6 s27\" src=\"\/strecha\/obr\/puzzl_rez.png\" >\r\n  <img decoding=\"async\" class=\"l7 s1\" src=\"\/strecha\/obr\/puzzl_rez.png\" >\r\n  <img decoding=\"async\" class=\"l7 s27\" src=\"\/strecha\/obr\/puzzl_rez.png\" >\r\n  <img decoding=\"async\" class=\"l8 s1\" src=\"\/strecha\/obr\/puzzl_rez.png\" >\r\n  <img decoding=\"async\" class=\"l8 s27\" src=\"\/strecha\/obr\/puzzl_rez.png\" >\r\n  <img decoding=\"async\" class=\"l9 s1\" src=\"\/strecha\/obr\/puzzl_rez.png\" >\r\n  <img decoding=\"async\" class=\"l9 s27\" src=\"\/strecha\/obr\/puzzl_rez.png\" >\r\n  <img decoding=\"async\" class=\"l10 s1\" src=\"\/strecha\/obr\/puzzl_rez.png\" >\r\n  <img decoding=\"async\" class=\"l10 s27\" src=\"\/strecha\/obr\/puzzl_rez.png\" >\r\n  <img decoding=\"async\" class=\"l11 s1\" src=\"\/strecha\/obr\/puzzl_rez.png\" >\r\n  <img decoding=\"async\" class=\"l11 s27\" src=\"\/strecha\/obr\/puzzl_rez.png\" >\r\n  <img decoding=\"async\" class=\"l12 s1\" src=\"\/strecha\/obr\/puzzl_rez.png\" >\r\n  <img decoding=\"async\" class=\"l12 s27\" src=\"\/strecha\/obr\/puzzl_rez.png\" >\r\n  <img decoding=\"async\" class=\"l13 s1\" src=\"\/strecha\/obr\/puzzl_rez.png\" >\r\n  <img decoding=\"async\" class=\"l13 s27\" src=\"\/strecha\/obr\/puzzl_rez.png\" >\r\n  <img decoding=\"async\" class=\"l14 s1\" src=\"\/strecha\/obr\/puzzl_rez.png\" >\r\n  <img decoding=\"async\" class=\"l14 s27\" src=\"\/strecha\/obr\/puzzl_rez.png\" >\r\n  <img decoding=\"async\" class=\"l15 s1\" src=\"\/strecha\/obr\/puzzl_rez.png\" >\r\n  <img decoding=\"async\" class=\"l15 s27\" src=\"\/strecha\/obr\/puzzl_rez.png\" >\r\n  <img decoding=\"async\" class=\"l16 s1\" src=\"\/strecha\/obr\/puzzl_rez.png\" >\r\n  <img decoding=\"async\" class=\"l16 s27\" src=\"\/strecha\/obr\/puzzl_rez.png\" >\r\n  <img decoding=\"async\" class=\"l17 s1\" src=\"\/strecha\/obr\/puzzl_rez.png\" >\r\n  <img decoding=\"async\" class=\"l17 s27\" src=\"\/strecha\/obr\/puzzl_rez.png\" >\r\n  <img decoding=\"async\" class=\"l18 s1\" src=\"\/strecha\/obr\/puzzl_rez.png\" >\r\n  <img decoding=\"async\" class=\"l18 s27\" src=\"\/strecha\/obr\/puzzl_rez.png\" >\r\n  <img decoding=\"async\" class=\"l1 s1\" src=\"\/strecha\/obr\/puzzl_rez.png\" >\r\n  <img decoding=\"async\" class=\"l18 s1\" src=\"\/strecha\/obr\/puzzl_rez.png\" >\r\n  <img decoding=\"async\" class=\"l1 s2\" src=\"\/strecha\/obr\/puzzl_rez.png\" >\r\n  <img decoding=\"async\" class=\"l18 s2\" src=\"\/strecha\/obr\/puzzl_rez.png\" >\r\n  <img decoding=\"async\" class=\"l1 s3\" src=\"\/strecha\/obr\/puzzl_rez.png\" >\r\n  <img decoding=\"async\" class=\"l18 s3\" src=\"\/strecha\/obr\/puzzl_rez.png\" >\r\n  <img decoding=\"async\" class=\"l1 s4\" src=\"\/strecha\/obr\/puzzl_rez.png\" >\r\n  <img decoding=\"async\" class=\"l18 s4\" src=\"\/strecha\/obr\/puzzl_rez.png\" >\r\n  <img decoding=\"async\" class=\"l1 s5\" src=\"\/strecha\/obr\/puzzl_rez.png\" >\r\n  <img decoding=\"async\" class=\"l18 s5\" src=\"\/strecha\/obr\/puzzl_rez.png\" >\r\n  <img decoding=\"async\" class=\"l1 s6\" src=\"\/strecha\/obr\/puzzl_rez.png\" >\r\n  <img decoding=\"async\" class=\"l18 s6\" src=\"\/strecha\/obr\/puzzl_rez.png\" >\r\n  <img decoding=\"async\" class=\"l1 s7\" src=\"\/strecha\/obr\/puzzl_rez.png\" >\r\n  <img decoding=\"async\" class=\"l18 s7\" src=\"\/strecha\/obr\/puzzl_rez.png\" >\r\n  <img decoding=\"async\" class=\"l1 s8\" src=\"\/strecha\/obr\/puzzl_rez.png\" >\r\n  <img decoding=\"async\" class=\"l18 s8\" src=\"\/strecha\/obr\/puzzl_rez.png\" >\r\n  <img decoding=\"async\" class=\"l1 s9\" src=\"\/strecha\/obr\/puzzl_rez.png\" >\r\n  <img decoding=\"async\" class=\"l18 s9\" src=\"\/strecha\/obr\/puzzl_rez.png\" >\r\n  <img decoding=\"async\" class=\"l1 s10\" src=\"\/strecha\/obr\/puzzl_rez.png\" >\r\n  <img decoding=\"async\" class=\"l18 s10\" src=\"\/strecha\/obr\/puzzl_rez.png\" >\r\n  <img decoding=\"async\" class=\"l1 s11\" src=\"\/strecha\/obr\/puzzl_rez.png\" >\r\n  <img decoding=\"async\" class=\"l18 s11\" src=\"\/strecha\/obr\/puzzl_rez.png\" >\r\n  <img decoding=\"async\" class=\"l1 s12\" src=\"\/strecha\/obr\/puzzl_rez.png\" >\r\n  <img decoding=\"async\" class=\"l18 s12\" src=\"\/strecha\/obr\/puzzl_rez.png\" >\r\n  <img decoding=\"async\" class=\"l1 s13\" src=\"\/strecha\/obr\/puzzl_rez.png\" >\r\n  <img decoding=\"async\" class=\"l18 s13\" src=\"\/strecha\/obr\/puzzl_rez.png\" >\r\n  <img decoding=\"async\" class=\"l1 s14\" src=\"\/strecha\/obr\/puzzl_rez.png\" >\r\n  <img decoding=\"async\" class=\"l18 s14\" src=\"\/strecha\/obr\/puzzl_rez.png\" >\r\n  <img decoding=\"async\" class=\"l1 s15\" src=\"\/strecha\/obr\/puzzl_rez.png\" >\r\n  <img decoding=\"async\" class=\"l18 s15\" src=\"\/strecha\/obr\/puzzl_rez.png\" >\r\n  <img decoding=\"async\" class=\"l1 s16\" src=\"\/strecha\/obr\/puzzl_rez.png\" >\r\n  <img decoding=\"async\" class=\"l18 s16\" src=\"\/strecha\/obr\/puzzl_rez.png\" >\r\n  <img decoding=\"async\" class=\"l1 s17\" src=\"\/strecha\/obr\/puzzl_rez.png\" >\r\n  <img decoding=\"async\" class=\"l18 s17\" src=\"\/strecha\/obr\/puzzl_rez.png\" >\r\n  <img decoding=\"async\" class=\"l1 s18\" src=\"\/strecha\/obr\/puzzl_rez.png\" >\r\n  <img decoding=\"async\" class=\"l18 s18\" src=\"\/strecha\/obr\/puzzl_rez.png\" >\r\n  <img decoding=\"async\" class=\"l1 s19\" src=\"\/strecha\/obr\/puzzl_rez.png\" >\r\n  <img decoding=\"async\" class=\"l18 s19\" src=\"\/strecha\/obr\/puzzl_rez.png\" >\r\n  <img decoding=\"async\" class=\"l1 s20\" src=\"\/strecha\/obr\/puzzl_rez.png\" >\r\n  <img decoding=\"async\" class=\"l18 s20\" src=\"\/strecha\/obr\/puzzl_rez.png\" >\r\n  <img decoding=\"async\" class=\"l1 s21\" src=\"\/strecha\/obr\/puzzl_rez.png\" >\r\n  <img decoding=\"async\" class=\"l18 s21\" src=\"\/strecha\/obr\/puzzl_rez.png\" >\r\n  <img decoding=\"async\" class=\"l1 s22\" src=\"\/strecha\/obr\/puzzl_rez.png\" >\r\n  <img decoding=\"async\" class=\"l18 s22\" src=\"\/strecha\/obr\/puzzl_rez.png\" >\r\n  <img decoding=\"async\" class=\"l1 s23\" src=\"\/strecha\/obr\/puzzl_rez.png\" >\r\n  <img decoding=\"async\" class=\"l18 s23\" src=\"\/strecha\/obr\/puzzl_rez.png\" >\r\n  <img decoding=\"async\" class=\"l1 s24\" src=\"\/strecha\/obr\/puzzl_rez.png\" >\r\n  <img decoding=\"async\" class=\"l18 s24\" src=\"\/strecha\/obr\/puzzl_rez.png\" >\r\n  <img decoding=\"async\" class=\"l1 s25\" src=\"\/strecha\/obr\/puzzl_rez.png\" >\r\n  <img decoding=\"async\" class=\"l18 s25\" src=\"\/strecha\/obr\/puzzl_rez.png\" >\r\n  <img decoding=\"async\" class=\"l1 s26\" src=\"\/strecha\/obr\/puzzl_rez.png\" >\r\n  <img decoding=\"async\" class=\"l18 s26\" src=\"\/strecha\/obr\/puzzl_rez.png\" >\r\n  <img decoding=\"async\" class=\"l1 s27\" src=\"\/strecha\/obr\/puzzl_rez.png\" >\r\n  <img decoding=\"async\" class=\"l18 s27\" src=\"\/strecha\/obr\/puzzl_rez.png\" >\r\n <div class=\"lista dlouha horni\"><\/div>\r\n <div class=\"lista dlouha spodni\"><\/div>\r\n <div class=\"lista vysoka leva\">  <\/div>\r\n <div class=\"lista vysoka prava\"> <\/div>\r\n <\/div>\r\n <br  \/><br  \/>\r\n <br  \/>\r\n <form id=\"formular\" name=\"formular\" method=\"post\" action=\"\" >\r\n <input type=\"hidden\" name=\"pocet_vybranych\" id=\"pocet_vybranych\" value=\"0\" \/>\r\n <p>Darovan\u00e1 \u010d\u00e1stka: <span id=\"darovana_castka\">0<\/span> K\u010d.<\/p>\r\n <p>E-mail, na kter\u00fd V\u00e1m budou zasl\u00e1ny informace o platb\u011b:<br \/>\r\n <input type=\"text\" name=\"email\" id=\"email\" maxsize=\"200\"><\/p>\r\n <p>Chcete vystavit potvrzen\u00ed o p\u0159ijet\u00ed daru?<\/p>\r\n <input type=\"radio\" name=\"smlouva\" id=\"smlouva_ano\" value=\"1\" onClick=\"zobraz('smlouva_form');\" \/> ano\r\n <input type=\"radio\" name=\"smlouva\" id=\"smlouva_ne\" value=\"-1\" onClick=\"skryj('smlouva_form');\" \/>  ne<br \/>\r\n <div id=\"smlouva_form\" style=\"display:none\">\r\n <p>Tyto \u00fadaje budou uchov\u00e1ny za\u00fa\u010delem vystaven\u00ed portvrzen\u00ed o daru.<\/p>\r\n <table class=\"formTab\">\r\n    <tr><td>Jm\u00e9no a p\u0159\u00edjmen\u00ed\/ <br \/> n\u00e1zev firmy: <\/td><td><input type=\"text\" name=\"jmeno\" id=\"jmeno\" maxsize=\"45\"><\/td><\/tr>\r\n    <tr><td>Bydli\u0161t\u011b\/<br \/> adresa: <\/td><td><input type=\"text\" name=\"bydliste\" id=\"bydliste\" maxsize=\"200\"><\/td><\/tr>\r\n    <tr><td>Datum narozen\u00ed\/<br \/>\r\n    I\u010cO:<\/td><td><input type=\"text\" name=\"rodne_cislo\" id=\"rodne_cislo\" maxsize=\"15\"><\/td><\/tr>\r\n <\/table>\r\n <\/div>\r\n <p>Chcete uv\u00e9st sv\u00e9 jm\u00e9no v seznamu d\u00e1rc\u016f?<\/p>\r\n <input type=\"radio\" name=\"seznam\" id=\"seznam_ano\" value=\"1\" onClick=\"zobraz('seznam_form');\" \/> ano\r\n <input type=\"radio\" name=\"seznam\" id=\"seznam_ne\" value=\"-1\" onClick=\"skryj('seznam_form');\" \/>  ne<br \/>\r\n <div id=\"seznam_form\" style=\"display:none\">\r\n <table class=\"formTab\">\r\n    <tr><td>Jm\u00e9no v seznamu: <\/td><td><input type=\"text\" name=\"jmeno_seznam\" id=\"jmeno_seznam\" maxsize=\"100\"><\/td><\/tr>\r\n    <tr><td>Uv\u00e9st darovanou \u010d\u00e1stku: <\/td><td><input type=\"radio\" name=\"seznam_castka\" id=\"seznam_castka_ano\" value=\"1\" \/> ano\r\n                                             <input type=\"radio\" name=\"seznam_castka\" id=\"seznam_castka_ne\" value=\"-1\" \/> ne<\/td><\/tr>\r\n   \r\n  <\/table>\r\n <\/div>\r\n \r\n <input type=\"button\" name=\"odeslat\" id=\"odeslat_form\" value=\"P\u0159isp\u011bt\" onClick=\"kontrola();\" \/>\r\n <\/form>\r\n\t<h3>Zat\u00edm vybr\u00e1no<\/h3>\r\n\t<p>1612000<\/p>\r\n\t<h3>Seznam dar\u016f<\/h3>\r\n\t<table  class=\"formTab\">\r\n    <tr><td>Datum zaplacen\u00ed <\/td><td>D\u00e1rce<\/td><td>V\u00fd\u0161e daru v K\u010d<\/td><\/tr><tr><td>2021-06-14<\/td><td>Jihomoravsk\u00fd kraj<\/td><td>150000<\/td><\/tr><tr><td>2021-04-16<\/td><td>R\u016f\u017ei\u010dkovi<\/td><td>neuvedeno<\/td><\/tr><tr><td>2021-04-16<\/td><td>Posp\u00ed\u0161ilovi<\/td><td>neuvedeno<\/td><\/tr><tr><td>2021-04-07<\/td><td>Vranovi<\/td><td>neuvedeno<\/td><\/tr><tr><td>2021-03-31<\/td><td>Vysko\u010dilovi<\/td><td>neuvedeno<\/td><\/tr><tr><td>2021-03-29<\/td><td>St\u0159\u00edbn\u00ed<\/td><td>neuvedeno<\/td><\/tr><tr><td>2021-03-29<\/td><td>Predn\u00ed<\/td><td>neuvedeno<\/td><\/tr><tr><td>2021-03-25<\/td><td>Bohunka a Ivan Podol\u0161t\u00ed<\/td><td>neuvedeno<\/td><\/tr><tr><td>2021-03-24<\/td><td>Va\u0161\u00ed\u010dkovi<\/td><td>neuvedeno<\/td><\/tr><tr><td>2021-03-22<\/td><td>B\u011bhalovi<\/td><td>neuvedeno<\/td><\/tr><tr><td>2021-03-22<\/td><td>Crhovi<\/td><td>neuvedeno<\/td><\/tr><tr><td>2021-03-22<\/td><td>Posp\u00ed\u0161ilovi <\/td><td>neuvedeno<\/td><\/tr><tr><td>2021-03-22<\/td><td>Kro\u010dilov\u00e1<\/td><td>neuvedeno<\/td><\/tr><tr><td>2021-03-18<\/td><td>St\u00e1vkovi<\/td><td>neuvedeno<\/td><\/tr><tr><td>2021-03-17<\/td><td>Malachovi<\/td><td>neuvedeno<\/td><\/tr><tr><td>2021-03-16<\/td><td>Kristkovi<\/td><td>neuvedeno<\/td><\/tr><tr><td>2021-03-16<\/td><td>Slav\u00edkovi<\/td><td>neuvedeno<\/td><\/tr><tr><td>2021-03-15<\/td><td>Makarovi<\/td><td>neuvedeno<\/td><\/tr><tr><td>2021-03-15<\/td><td>\u0160ev\u010d\u00edkovi<\/td><td>neuvedeno<\/td><\/tr><tr><td>2021-03-15<\/td><td>Hinterleitnerovi<\/td><td>neuvedeno<\/td><\/tr><tr><td>2021-03-15<\/td><td>\u0160est\u00e1kovi<\/td><td>neuvedeno<\/td><\/tr><tr><td>2021-03-08<\/td><td>Jarmila Szypulov\u00e1<\/td><td>neuvedeno<\/td><\/tr><tr><td>2021-02-15<\/td><td>Pavel Ko\u010di\u0161<\/td><td>neuvedeno<\/td><\/tr><tr><td>2021-01-08<\/td><td>Zdenka a Josef Miku\u0161ovi<\/td><td>neuvedeno<\/td><\/tr><tr><td>2021-01-06<\/td><td>Vysko\u010dilovi<\/td><td>neuvedeno<\/td><\/tr><tr><td>2021-01-04<\/td><td>Kanclerovi<\/td><td>neuvedeno<\/td><\/tr><tr><td>2021-01-04<\/td><td>Jandovi<\/td><td>neuvedeno<\/td><\/tr><tr><td>2020-12-31<\/td><td>V\u00edt \u0160est\u00e1k<\/td><td>neuvedeno<\/td><\/tr><tr><td>2020-12-31<\/td><td>Ham\u0159\u00edkovi<\/td><td>neuvedeno<\/td><\/tr><tr><td>2020-12-28<\/td><td>Tinkovci<\/td><td>neuvedeno<\/td><\/tr><tr><td>2020-12-23<\/td><td>Kajanovi\/Grodeck\u00e1<\/td><td>neuvedeno<\/td><\/tr><tr><td>2020-12-21<\/td><td>Sobolovi<\/td><td>neuvedeno<\/td><\/tr><tr><td>2020-12-14<\/td><td>Libu\u0161e Siv\u011bcov\u00e1<\/td><td>neuvedeno<\/td><\/tr><tr><td>2020-12-11<\/td><td>Kazdovi<\/td><td>neuvedeno<\/td><\/tr><tr><td>2020-12-07<\/td><td>d\u00e1rce<\/td><td>neuvedeno<\/td><\/tr><tr><td>2020-12-04<\/td><td>B\u011bhalovi<\/td><td>neuvedeno<\/td><\/tr><tr><td>2020-12-01<\/td><td>Lipov\u0161t\u00ed<\/td><td>neuvedeno<\/td><\/tr><tr><td>2020-11-27<\/td><td>Eva Lajkepov\u00e1<\/td><td>neuvedeno<\/td><\/tr><tr><td>2020-11-25<\/td><td>\u010cern\u00ed J+P<\/td><td>neuvedeno<\/td><\/tr><tr><td>2020-11-25<\/td><td>Marek a Denisa Majcherovi<\/td><td>neuvedeno<\/td><\/tr><tr><td>2020-11-23<\/td><td>Bore\u0161ovi<\/td><td>neuvedeno<\/td><\/tr><tr><td>2020-11-23<\/td><td>Luk\u00e1\u0161 a Marie Zvonkovi<\/td><td>neuvedeno<\/td><\/tr><tr><td>2020-11-20<\/td><td>Marek a Kate\u0159ina Ondru\u0161ovi<\/td><td>neuvedeno<\/td><\/tr><tr><td>2020-11-18<\/td><td>Jind\u0159i\u0161ka Musilov\u00e1<\/td><td>neuvedeno<\/td><\/tr><tr><td>2020-11-18<\/td><td>Josef Mal\u00fd<\/td><td>neuvedeno<\/td><\/tr><tr><td>2020-11-18<\/td><td>Pot\u00e1\u010dkovi<\/td><td>neuvedeno<\/td><\/tr><tr><td>2020-11-16<\/td><td>L. a J. Ku\u010derovi<\/td><td>neuvedeno<\/td><\/tr><tr><td>2020-11-12<\/td><td>Tes\u00e1\u010dkovi<\/td><td>neuvedeno<\/td><\/tr><tr><td>2020-11-10<\/td><td>mo\u0161\u0165kovi<\/td><td>neuvedeno<\/td><\/tr><tr><td>2020-11-10<\/td><td>Anna Zemanov\u00e1<\/td><td>neuvedeno<\/td><\/tr><tr><td>2020-11-10<\/td><td>Alena a V\u00e1clav Pl\u0161kovi<\/td><td>neuvedeno<\/td><\/tr><tr><td>2020-11-09<\/td><td>Hor\u00e1kovi <\/td><td>neuvedeno<\/td><\/tr><tr><td>2020-11-09<\/td><td>Tom\u00e1\u0161 Bernard<\/td><td>neuvedeno<\/td><\/tr><tr><td>2020-11-06<\/td><td>Jitka Horov\u00e1<\/td><td>neuvedeno<\/td><\/tr><tr><td>2020-11-06<\/td><td>Martin a Edita Svobodovi<\/td><td>neuvedeno<\/td><\/tr><tr><td>2020-11-05<\/td><td>man\u017eel\u00e9 Podol\u0161t\u00ed<\/td><td>neuvedeno<\/td><\/tr><tr><td>2020-11-04<\/td><td>A.Hor\u00e1k<\/td><td>neuvedeno<\/td><\/tr><tr><td>2020-11-03<\/td><td>Sk\u0159i\u010dkovi<\/td><td>neuvedeno<\/td><\/tr><tr><td>2020-11-03<\/td><td>Pavel a Jana Ra\u0161ov\u0161t\u00ed<\/td><td>neuvedeno<\/td><\/tr><tr><td>2020-11-02<\/td><td>\u010cern\u00ed M+K<\/td><td>neuvedeno<\/td><\/tr><tr><td>2020-10-30<\/td><td>Kr\u0161kovi<\/td><td>neuvedeno<\/td><\/tr><tr><td>2020-10-29<\/td><td>\u010cern\u00ed J a L<\/td><td>neuvedeno<\/td><\/tr><tr><td>2020-10-29<\/td><td>Zachovi<\/td><td>neuvedeno<\/td><\/tr><tr><td>2020-10-23<\/td><td>\u0160upinovi<\/td><td>neuvedeno<\/td><\/tr><tr><td>2020-10-22<\/td><td>B\u00e1bkovi<\/td><td>neuvedeno<\/td><\/tr><tr><td>2020-10-19<\/td><td>Petra Vidl\u00e1kov\u00e1<\/td><td>neuvedeno<\/td><\/tr><tr><td>2020-10-19<\/td><td>Plechlovi<\/td><td>neuvedeno<\/td><\/tr><tr><td>2020-10-19<\/td><td>\u0160lapalovi<\/td><td>neuvedeno<\/td><\/tr><tr><td>2020-10-19<\/td><td>Eva Dmitrukov\u00e1<\/td><td>neuvedeno<\/td><\/tr><tr><td>2020-10-19<\/td><td>Ber\u00e1nkovi<\/td><td>neuvedeno<\/td><\/tr><tr><td>2020-10-17<\/td><td>Pavel M\u011brtl<\/td><td>neuvedeno<\/td><\/tr><tr><td>2020-10-16<\/td><td>Martina a Milan K\u0159\u00ed\u017eovi<\/td><td>neuvedeno<\/td><\/tr><tr><td>2020-10-16<\/td><td>Martina a Milan K\u0159\u00ed\u017eovi<\/td><td>neuvedeno<\/td><\/tr><tr><td>2020-10-14<\/td><td>\u017daloudkovi<\/td><td>neuvedeno<\/td><\/tr><tr><td>2020-10-14<\/td><td>Lipt\u00e1kovi<\/td><td>neuvedeno<\/td><\/tr><tr><td>2020-10-12<\/td><td>Makarovi<\/td><td>neuvedeno<\/td><\/tr><tr><td>2020-10-09<\/td><td>Posp\u00ed\u0161ilovi<\/td><td>neuvedeno<\/td><\/tr><tr><td>2020-10-08<\/td><td>hedvika \u0161olcov\u00e1<\/td><td>neuvedeno<\/td><\/tr><tr><td>2020-10-08<\/td><td>Kubi\u0161ovi<\/td><td>neuvedeno<\/td><\/tr><tr><td>2020-10-06<\/td><td>Iva Mare\u0161ov\u00e1<\/td><td>neuvedeno<\/td><\/tr><tr><td>2020-10-06<\/td><td>uhrovi<\/td><td>neuvedeno<\/td><\/tr><tr><td>2020-10-05<\/td><td>Kamila Predn\u00e1<\/td><td>neuvedeno<\/td><\/tr><tr><td>2020-10-05<\/td><td>Zakopalov\u00e1<\/td><td>neuvedeno<\/td><\/tr><tr><td>2020-10-05<\/td><td>Sobolovi<\/td><td>neuvedeno<\/td><\/tr><tr><td>2020-10-05<\/td><td>Petr Ko\u010di\u0161<\/td><td>neuvedeno<\/td><\/tr><tr><td>2020-10-05<\/td><td>Z + P Vl\u010dkovi<\/td><td>neuvedeno<\/td><\/tr><tr><td>2020-10-05<\/td><td>Jitka a Vojtech \u0160majerovi<\/td><td>neuvedeno<\/td><\/tr><tr><td>2020-10-05<\/td><td>V\u00edt Mayer<\/td><td>neuvedeno<\/td><\/tr><tr><td>2020-10-05<\/td><td>Mit\u00e1\u010dkovi<\/td><td>neuvedeno<\/td><\/tr><tr><td>2020-10-05<\/td><td>Vyhl\u00eddalov\u00e1<\/td><td>neuvedeno<\/td><\/tr><tr><td>2020-10-05<\/td><td>Musilovi + Kou\u0159ilov\u00e1 J.<\/td><td>neuvedeno<\/td><\/tr><tr><td>2020-10-05<\/td><td>Dad\u00e1kovi<\/td><td>neuvedeno<\/td><\/tr><tr><td>2020-10-01<\/td><td>Lenka a Jakub Zahradn\u00edkovi<\/td><td>neuvedeno<\/td><\/tr><tr><td>2020-10-01<\/td><td>M\u010c Brno-Bohunice<\/td><td>neuvedeno<\/td><\/tr><tr><td>2020-09-29<\/td><td>Tynklovi<\/td><td>neuvedeno<\/td><\/tr><tr><td>2020-09-29<\/td><td>Ing. Alexandra Dlouh\u00e1<\/td><td>neuvedeno<\/td><\/tr><tr><td>2020-09-29<\/td><td>\u0160ebejovi<\/td><td>neuvedeno<\/td><\/tr><tr><td>2020-09-29<\/td><td>St\u0159\u00edbn\u00ed<\/td><td>neuvedeno<\/td><\/tr><tr><td>2020-09-29<\/td><td>Dou\u0161kovi<\/td><td>neuvedeno<\/td><\/tr><tr><td>2020-09-29<\/td><td>Kosm\u00e1kovi<\/td><td>neuvedeno<\/td><\/tr><tr><td>2020-09-24<\/td><td>\u0160andovi<\/td><td>neuvedeno<\/td><\/tr><tr><td>2020-09-23<\/td><td>Mihal\u010dinovi<\/td><td>neuvedeno<\/td><\/tr><tr><td>2020-09-23<\/td><td>seniorklub Pohoda<\/td><td>neuvedeno<\/td><\/tr><tr><td>2020-09-23<\/td><td>Milada Barto\u0148kov\u00e1<\/td><td>neuvedeno<\/td><\/tr><tr><td>2020-09-22<\/td><td>Sta\u0159\u00ed<\/td><td>neuvedeno<\/td><\/tr><tr><td>2020-09-22<\/td><td>A.Hor\u00e1k<\/td><td>neuvedeno<\/td><\/tr><tr><td>2020-09-22<\/td><td>Zuhlovi<\/td><td>neuvedeno<\/td><\/tr><tr><td>2020-09-21<\/td><td>Lenka Pl\u0161kov\u00e1<\/td><td>neuvedeno<\/td><\/tr><tr><td>2020-09-21<\/td><td>\u0160est\u00e1kovi<\/td><td>neuvedeno<\/td><\/tr><tr><td>2020-09-21<\/td><td>V\u00edt \u0160est\u00e1k<\/td><td>neuvedeno<\/td><\/tr><tr><td>2020-09-20<\/td><td>J.N.<\/td><td>neuvedeno<\/td><\/tr><tr><td>2020-09-18<\/td><td>Anna, Zden\u011bk a Mat\u011bj Steinerovi<\/td><td>neuvedeno<\/td><\/tr><tr><td>2020-09-17<\/td><td>Tu\u010dkovi<\/td><td>neuvedeno<\/td><\/tr><tr><td>2020-09-17<\/td><td>Handlarovi<\/td><td>neuvedeno<\/td><\/tr><tr><td>2020-09-16<\/td><td>Slav\u00edkovi<\/td><td>neuvedeno<\/td><\/tr><tr><td>2020-09-16<\/td><td>Stavkovi<\/td><td>neuvedeno<\/td><\/tr><tr><td>2020-09-15<\/td><td>Zahradn\u00edkovi<\/td><td>neuvedeno<\/td><\/tr><tr><td>2020-09-15<\/td><td>Tes\u00e1\u010dkovi<\/td><td>neuvedeno<\/td><\/tr><tr><td>2020-09-14<\/td><td>Kubkovi<\/td><td>neuvedeno<\/td><\/tr><tr><td>2020-09-14<\/td><td>B+M Kr\u0161kovi<\/td><td>neuvedeno<\/td><\/tr><tr><td>2020-09-14<\/td><td>Bohdan Novotn\u00fd, \u00c1ja Miksova<\/td><td>neuvedeno<\/td><\/tr><tr><td>2020-09-14<\/td><td>Konvalinkovi<\/td><td>neuvedeno<\/td><\/tr><tr><td>2020-09-14<\/td><td>dubjakovi<\/td><td>neuvedeno<\/td><\/tr><tr><td>2020-09-11<\/td><td>Ji\u0159ina a Ji\u0159\u00ed Habrovi<\/td><td>neuvedeno<\/td><\/tr><tr><td>2020-09-11<\/td><td>Radek Kalousek<\/td><td>neuvedeno<\/td><\/tr><tr><td>2020-09-10<\/td><td>Ham\u0159\u00edkovi<\/td><td>neuvedeno<\/td><\/tr><tr><td>2020-09-10<\/td><td>Petr Novotn\u00fd <\/td><td>neuvedeno<\/td><\/tr><tr><td>2020-09-10<\/td><td>Jana Ho\u0159avov\u00e1<\/td><td>neuvedeno<\/td><\/tr><tr><td>2020-09-09<\/td><td>Magdal\u00e9na Dvo\u0159\u00e1\u010dkov\u00e1<\/td><td>neuvedeno<\/td><\/tr><tr><td>2020-09-08<\/td><td>Helena Kalouskov\u00e1<\/td><td>neuvedeno<\/td><\/tr><tr><td>2020-09-08<\/td><td>Mo\u0161\u0165kovi<\/td><td>neuvedeno<\/td><\/tr><tr><td>2020-09-07<\/td><td>\u0160majerovi<\/td><td>neuvedeno<\/td><\/tr><tr><td>2020-09-07<\/td><td>\u0160ev\u010d\u00edkovi a Kro\u010dilovi<\/td><td>neuvedeno<\/td><\/tr><tr><td>2020-09-07<\/td><td>Vykoupilovi<\/td><td>neuvedeno<\/td><\/tr><tr><td>2020-09-07<\/td><td>Vladim\u00edr a Ester Malachovi<\/td><td>neuvedeno<\/td><\/tr><tr><td>2020-09-07<\/td><td>Musil Vladim\u00edr<\/td><td>neuvedeno<\/td><\/tr><tr><td>2020-09-07<\/td><td>Jitka \u0160majerov\u00e1<\/td><td>neuvedeno<\/td><\/tr><tr><td>2020-09-07<\/td><td>Pavla Mr\u00e1zkov\u00e1<\/td><td>neuvedeno<\/td><\/tr><tr><td>2020-09-07<\/td><td>Blanka Poukarova<\/td><td>neuvedeno<\/td><\/tr><tr><td>2020-09-07<\/td><td>Jitka Mal\u00e1<\/td><td>neuvedeno<\/td><\/tr><tr><td>2020-09-03<\/td><td>Veronika a David Kol\u00ednkovi<\/td><td>neuvedeno<\/td><\/tr><tr><td>2020-09-03<\/td><td>Peter M\u00fadry<\/td><td>neuvedeno<\/td><\/tr><tr><td>2020-09-02<\/td><td>Rozsypalovi<\/td><td>neuvedeno<\/td><\/tr><tr><td>2020-09-01<\/td><td>Va\u0161\u00ed\u010dkovi<\/td><td>neuvedeno<\/td><\/tr><tr><td>2020-09-01<\/td><td>Jana a MIlan Ondru\u0161ovi<\/td><td>neuvedeno<\/td><\/tr><tr><td>2020-08-31<\/td><td>B\u011bhalovi<\/td><td>neuvedeno<\/td><\/tr><tr><td>2020-08-31<\/td><td>Crhovi<\/td><td>neuvedeno<\/td><\/tr><tr><td>2020-08-30<\/td><td>Jaroslav Ra\u0161ovsk\u00fd<\/td><td>neuvedeno<\/td><\/tr><\/table><\/p>\n\n\n<p><\/p>\n","protected":false},"excerpt":{"rendered":"<p>Aktualizace: Sb\u00edrka na na\u0161i novou st\u0159echu byla ukon\u010dena. Poda\u0159ilo se dos\u00e1hnout pot\u0159ebn\u00e9 \u010d\u00e1stky 1 500 000 K\u010d. P\u00e1n B\u016fh zapla\u0165 ka\u017ed\u00e9mu, kdo se zaslou\u017eil o to, \u017ee toto velik\u00e9 d\u00edlo mohlo dob\u0159e prob\u011bhnout.<\/p>\n","protected":false},"author":3,"featured_media":0,"parent":0,"menu_order":0,"comment_status":"closed","ping_status":"closed","template":"","meta":{"footnotes":""},"class_list":["post-3007","page","type-page","status-publish","hentry","no-thumb"],"_links":{"self":[{"href":"https:\/\/www.farnostliskovec.cz\/index.php?rest_route=\/wp\/v2\/pages\/3007","targetHints":{"allow":["GET"]}}],"collection":[{"href":"https:\/\/www.farnostliskovec.cz\/index.php?rest_route=\/wp\/v2\/pages"}],"about":[{"href":"https:\/\/www.farnostliskovec.cz\/index.php?rest_route=\/wp\/v2\/types\/page"}],"author":[{"embeddable":true,"href":"https:\/\/www.farnostliskovec.cz\/index.php?rest_route=\/wp\/v2\/users\/3"}],"replies":[{"embeddable":true,"href":"https:\/\/www.farnostliskovec.cz\/index.php?rest_route=%2Fwp%2Fv2%2Fcomments&post=3007"}],"version-history":[{"count":9,"href":"https:\/\/www.farnostliskovec.cz\/index.php?rest_route=\/wp\/v2\/pages\/3007\/revisions"}],"predecessor-version":[{"id":3389,"href":"https:\/\/www.farnostliskovec.cz\/index.php?rest_route=\/wp\/v2\/pages\/3007\/revisions\/3389"}],"wp:attachment":[{"href":"https:\/\/www.farnostliskovec.cz\/index.php?rest_route=%2Fwp%2Fv2%2Fmedia&parent=3007"}],"curies":[{"name":"wp","href":"https:\/\/api.w.org\/{rel}","templated":true}]}}