{"id":32,"date":"2014-03-18T19:36:59","date_gmt":"2014-03-18T18:36:59","guid":{"rendered":"http:\/\/www.farnostliskovec.cz\/?page_id=32"},"modified":"2023-10-29T19:02:10","modified_gmt":"2023-10-29T18:02:10","slug":"pastorace","status":"publish","type":"page","link":"https:\/\/www.farnostliskovec.cz\/?page_id=32","title":{"rendered":"\u017divot z v\u00edry"},"content":{"rendered":"\n<h2 class=\"wp-block-heading\">V\u00fduka n\u00e1bo\u017eenstv\u00ed<\/h2>\n\n\n\n<div class=\"wp-block-group\"><div class=\"wp-block-group__inner-container is-layout-constrained wp-block-group-is-layout-constrained\">\n<p>prob\u00edh\u00e1 ve farn\u00edch u\u010debn\u00e1ch dle rozvrhu pro <a href=\"https:\/\/www.farnostliskovec.cz\/?page_id=48\">aktu\u00e1ln\u00ed \u0161koln\u00ed rok<\/a>.<\/p>\n\n\n\n<div class=\"wp-block-group\"><div class=\"wp-block-group__inner-container is-layout-constrained wp-block-group-is-layout-constrained\">\n<p style=\"font-style:italic;font-weight:500\"><a href=\"https:\/\/www.farnostliskovec.cz\/wp-content\/uploads\/2019\/09\/Vyuka-nabozenstvi-2019-20.pdf\">Rozvrh n\u00e1bo\u017eenstv\u00ed ke sta\u017een\u00ed<\/a> <\/p>\n\n\n\n<p style=\"font-style:italic;font-weight:500\"><a href=\"https:\/\/www.farnostliskovec.cz\/wp-content\/uploads\/2014\/09\/prihlaska_nabozenstvi.pdf\">P\u0159ihl\u00e1\u0161ka do n\u00e1bo\u017eenstv\u00ed ke sta\u017een\u00ed<\/a><\/p>\n<\/div><\/div>\n<\/div><\/div>\n\n\n<p><\/p>\n\n\n<div class=\"wp-block-group\"><div class=\"wp-block-group__inner-container is-layout-constrained wp-block-group-is-layout-constrained\">\n<h2 class=\"wp-block-heading\">P\u0159ed\u0161koln\u00ed d\u011bti &#8211; ove\u010dky<\/h2>\n\n\n\n<p>se sch\u00e1z\u00ed ve farn\u00ed u\u010debn\u011b jednou za \u010dtrn\u00e1ct dn\u00ed ve st\u0159edu v 16.00.<\/p>\n<\/div><\/div>\n\n\n<p><\/p>\n\n\n<div class=\"wp-block-group\"><div class=\"wp-block-group__inner-container is-layout-constrained wp-block-group-is-layout-constrained\">\n<h2 class=\"wp-block-heading\"><a href=\"https:\/\/www.farnostliskovec.cz\/?page_id=1935\">Farn\u00ed ob\u010dasn\u00edk Nepomuk<\/a><\/h2>\n\n\n\n<h2 class=\"wp-block-heading\"><a href=\"https:\/\/issuu.com\/magmus\" target=\"_blank\" rel=\"noopener\">V\u00fdro\u010dn\u00ed zpr\u00e1vy<\/a><\/h2>\n<\/div><\/div>\n","protected":false},"excerpt":{"rendered":"<p>V\u00fduka n\u00e1bo\u017eenstv\u00ed prob\u00edh\u00e1 ve farn\u00edch u\u010debn\u00e1ch dle rozvrhu pro aktu\u00e1ln\u00ed \u0161koln\u00ed rok. Rozvrh n\u00e1bo\u017eenstv\u00ed ke sta\u017een\u00ed P\u0159ihl\u00e1\u0161ka do n\u00e1bo\u017eenstv\u00ed ke sta\u017een\u00ed P\u0159ed\u0161koln\u00ed d\u011bti &#8211; ove\u010dky se sch\u00e1z\u00ed ve farn\u00ed u\u010debn\u011b jednou za \u010dtrn\u00e1ct dn\u00ed ve st\u0159edu v 16.00. Farn\u00ed ob\u010dasn\u00edk Nepomuk V\u00fdro\u010dn\u00ed zpr\u00e1vy<\/p>\n","protected":false},"author":1,"featured_media":0,"parent":0,"menu_order":4,"comment_status":"closed","ping_status":"closed","template":"","meta":{"footnotes":""},"class_list":["post-32","page","type-page","status-publish","hentry","no-thumb"],"_links":{"self":[{"href":"https:\/\/www.farnostliskovec.cz\/index.php?rest_route=\/wp\/v2\/pages\/32","targetHints":{"allow":["GET"]}}],"collection":[{"href":"https:\/\/www.farnostliskovec.cz\/index.php?rest_route=\/wp\/v2\/pages"}],"about":[{"href":"https:\/\/www.farnostliskovec.cz\/index.php?rest_route=\/wp\/v2\/types\/page"}],"author":[{"embeddable":true,"href":"https:\/\/www.farnostliskovec.cz\/index.php?rest_route=\/wp\/v2\/users\/1"}],"replies":[{"embeddable":true,"href":"https:\/\/www.farnostliskovec.cz\/index.php?rest_route=%2Fwp%2Fv2%2Fcomments&post=32"}],"version-history":[{"count":13,"href":"https:\/\/www.farnostliskovec.cz\/index.php?rest_route=\/wp\/v2\/pages\/32\/revisions"}],"predecessor-version":[{"id":4128,"href":"https:\/\/www.farnostliskovec.cz\/index.php?rest_route=\/wp\/v2\/pages\/32\/revisions\/4128"}],"wp:attachment":[{"href":"https:\/\/www.farnostliskovec.cz\/index.php?rest_route=%2Fwp%2Fv2%2Fmedia&parent=32"}],"curies":[{"name":"wp","href":"https:\/\/api.w.org\/{rel}","templated":true}]}}