{"id":3346,"date":"2021-03-21T22:06:14","date_gmt":"2021-03-21T21:06:14","guid":{"rendered":"http:\/\/www.farnostliskovec.cz\/?page_id=3346"},"modified":"2023-09-13T13:10:20","modified_gmt":"2023-09-13T12:10:20","slug":"duchovni-spravci","status":"publish","type":"page","link":"https:\/\/www.farnostliskovec.cz\/?page_id=3346","title":{"rendered":"Duchovn\u00ed spr\u00e1vci"},"content":{"rendered":"<h3>P\u0159ehled duchovn\u00edch spr\u00e1vc\u016f, kte\u0159\u00ed od r. 1929 p\u016fsobili ve farnosti<\/h3>\n<p>P. Benedikt \u0160vanda 1929-1940<br \/>\nP. Fulgenc Jan\u010d\u00edk 1940-1943<br \/>\nP. ThDr. Vojt\u011bch Josef Ku\u010dera OSA 1943-1959<br \/>\nP. Jind\u0159ich Kuba (v\u00fdpomoc) 1945-1950<br \/>\nP. Jind\u0159ich Hlad\u00edk 1959-1969<br \/>\nP. Lepka (v\u00fdpomoc)<br \/>\nP. prof. Vojt\u011bch Josef Ku\u010dera 1969-1975<br \/>\nP. \u0160t\u011bp\u00e1n Pe\u0161ka (z\u00e1stup)<br \/>\nP. Pavel Franti\u0161ek \u0160est\u00e1k OSA (z\u00e1stup)<br \/>\nP. Pavel Franti\u0161ek \u0160est\u00e1k OSA 1975-1976<br \/>\nP. Jaroslav Ad\u00e1mek 1976<br \/>\nP. Josef Hinterh\u00f6lzl 1976-1981<br \/>\nP. Josef Jahoda 1981-1998<br \/>\nP. Pavel Pos\u00e1d 1997 (z\u00e1stup)<br \/>\nP. Ing. Ji\u0159\u00ed Sedl\u00e1\u010dek CRV 1998-2005<br \/>\nP. Lubo\u0161 Pavl\u016f CRV 1998-2005<br \/>\nP. Pavel Opat\u0159il 2005-2019<br \/>\nP. Jaroslav Ra\u0161ovsk\u00fd 2019-2023<br \/>\nP. Petr Ko\u0161uli\u010d 2023-dosud<\/p>\n","protected":false},"excerpt":{"rendered":"<p>P\u0159ehled duchovn\u00edch spr\u00e1vc\u016f, kte\u0159\u00ed od r. 1929 p\u016fsobili ve farnosti P. Benedikt \u0160vanda 1929-1940 P. Fulgenc Jan\u010d\u00edk 1940-1943 P. ThDr. Vojt\u011bch Josef Ku\u010dera OSA 1943-1959 P. Jind\u0159ich Kuba (v\u00fdpomoc) 1945-1950 P. Jind\u0159ich Hlad\u00edk 1959-1969 P. Lepka (v\u00fdpomoc) P. prof. Vojt\u011bch Josef Ku\u010dera 1969-1975 P. \u0160t\u011bp\u00e1n Pe\u0161ka (z\u00e1stup) P. Pavel Franti\u0161ek \u0160est\u00e1k OSA (z\u00e1stup) P. PavelContinue reading &rarr;<\/p>\n","protected":false},"author":2,"featured_media":0,"parent":9,"menu_order":0,"comment_status":"closed","ping_status":"closed","template":"","meta":{"footnotes":""},"class_list":["post-3346","page","type-page","status-publish","hentry","no-thumb"],"_links":{"self":[{"href":"https:\/\/www.farnostliskovec.cz\/index.php?rest_route=\/wp\/v2\/pages\/3346","targetHints":{"allow":["GET"]}}],"collection":[{"href":"https:\/\/www.farnostliskovec.cz\/index.php?rest_route=\/wp\/v2\/pages"}],"about":[{"href":"https:\/\/www.farnostliskovec.cz\/index.php?rest_route=\/wp\/v2\/types\/page"}],"author":[{"embeddable":true,"href":"https:\/\/www.farnostliskovec.cz\/index.php?rest_route=\/wp\/v2\/users\/2"}],"replies":[{"embeddable":true,"href":"https:\/\/www.farnostliskovec.cz\/index.php?rest_route=%2Fwp%2Fv2%2Fcomments&post=3346"}],"version-history":[{"count":4,"href":"https:\/\/www.farnostliskovec.cz\/index.php?rest_route=\/wp\/v2\/pages\/3346\/revisions"}],"predecessor-version":[{"id":4052,"href":"https:\/\/www.farnostliskovec.cz\/index.php?rest_route=\/wp\/v2\/pages\/3346\/revisions\/4052"}],"up":[{"embeddable":true,"href":"https:\/\/www.farnostliskovec.cz\/index.php?rest_route=\/wp\/v2\/pages\/9"}],"wp:attachment":[{"href":"https:\/\/www.farnostliskovec.cz\/index.php?rest_route=%2Fwp%2Fv2%2Fmedia&parent=3346"}],"curies":[{"name":"wp","href":"https:\/\/api.w.org\/{rel}","templated":true}]}}