{"id":4586,"date":"2025-03-02T08:00:10","date_gmt":"2025-03-02T07:00:10","guid":{"rendered":"https:\/\/www.farnostliskovec.cz\/?page_id=4586"},"modified":"2025-02-22T19:11:19","modified_gmt":"2025-02-22T18:11:19","slug":"nabidka-prednasek","status":"publish","type":"page","link":"https:\/\/www.farnostliskovec.cz\/?page_id=4586","title":{"rendered":"Nab\u00eddka p\u0159edn\u00e1\u0161ek"},"content":{"rendered":"<p><iframe loading=\"lazy\" width=\"1600px\" height=\"960px\" src=\"https:\/\/forms.office.com\/Pages\/ResponsePage.aspx?id=I0-QEdvw3EyW9zkL1V_O6Pfshx3z2DJInIqjxAZSD3FUMzVINkxTWk5CTEhERlYwTzQ1VENXT0hDVi4u&#038;embed=true\" frameborder=\"0\" marginwidth=\"0\" marginheight=\"0\" style=\"border: none; max-width:100%; max-height:100vh\" allowfullscreen webkitallowfullscreen mozallowfullscreen msallowfullscreen> <\/iframe><\/p>\n","protected":false},"excerpt":{"rendered":"","protected":false},"author":2,"featured_media":0,"parent":4112,"menu_order":0,"comment_status":"closed","ping_status":"closed","template":"","meta":{"footnotes":""},"class_list":["post-4586","page","type-page","status-publish","hentry","no-thumb"],"_links":{"self":[{"href":"https:\/\/www.farnostliskovec.cz\/index.php?rest_route=\/wp\/v2\/pages\/4586","targetHints":{"allow":["GET"]}}],"collection":[{"href":"https:\/\/www.farnostliskovec.cz\/index.php?rest_route=\/wp\/v2\/pages"}],"about":[{"href":"https:\/\/www.farnostliskovec.cz\/index.php?rest_route=\/wp\/v2\/types\/page"}],"author":[{"embeddable":true,"href":"https:\/\/www.farnostliskovec.cz\/index.php?rest_route=\/wp\/v2\/users\/2"}],"replies":[{"embeddable":true,"href":"https:\/\/www.farnostliskovec.cz\/index.php?rest_route=%2Fwp%2Fv2%2Fcomments&post=4586"}],"version-history":[{"count":5,"href":"https:\/\/www.farnostliskovec.cz\/index.php?rest_route=\/wp\/v2\/pages\/4586\/revisions"}],"predecessor-version":[{"id":4591,"href":"https:\/\/www.farnostliskovec.cz\/index.php?rest_route=\/wp\/v2\/pages\/4586\/revisions\/4591"}],"up":[{"embeddable":true,"href":"https:\/\/www.farnostliskovec.cz\/index.php?rest_route=\/wp\/v2\/pages\/4112"}],"wp:attachment":[{"href":"https:\/\/www.farnostliskovec.cz\/index.php?rest_route=%2Fwp%2Fv2%2Fmedia&parent=4586"}],"curies":[{"name":"wp","href":"https:\/\/api.w.org\/{rel}","templated":true}]}}