{"id":48,"date":"2014-03-18T19:48:01","date_gmt":"2014-03-18T18:48:01","guid":{"rendered":"http:\/\/www.farnostliskovec.cz\/?page_id=48"},"modified":"2025-09-08T10:20:43","modified_gmt":"2025-09-08T09:20:43","slug":"vyuka-nabozenstvi","status":"publish","type":"page","link":"https:\/\/www.farnostliskovec.cz\/?page_id=48","title":{"rendered":"V\u00fduka n\u00e1bo\u017eenstv\u00ed"},"content":{"rendered":"\n<h3 class=\"wp-block-heading\"><b>\u0160koln\u00ed rok 2025\/2026<\/b><\/h3>\n\n\n\n<div class=\"wp-block-columns is-layout-flex wp-container-core-columns-is-layout-9d6595d7 wp-block-columns-is-layout-flex\">\n<div class=\"wp-block-column is-layout-flow wp-block-column-is-layout-flow\" style=\"flex-basis:100%\">\n<figure class=\"wp-block-table is-style-stripes\" style=\"font-size:16px\"><table class=\"has-fixed-layout\"><thead><tr><th class=\"has-text-align-left\" data-align=\"left\">t\u0159\u00edda<\/th><th class=\"has-text-align-left\" data-align=\"left\">den<\/th><th class=\"has-text-align-left\" data-align=\"left\">hodina<\/th><th class=\"has-text-align-left\" data-align=\"left\">katechet(k)a<\/th><\/tr><\/thead><tbody><tr><td class=\"has-text-align-left\" data-align=\"left\">ove\u010dky pro p\u0159ed\u0161kol\u00e1ky<\/td><td class=\"has-text-align-left\" data-align=\"left\">st\u0159eda (sud\u00fd t\u00fdden)<\/td><td class=\"has-text-align-left\" data-align=\"left\">16.00<\/td><td class=\"has-text-align-left\" data-align=\"left\">Petra Vyhl\u00eddalov\u00e1<\/td><\/tr><tr><td class=\"has-text-align-left\" data-align=\"left\">1.<\/td><td class=\"has-text-align-left\" data-align=\"left\">pond\u011bl\u00ed<\/td><td class=\"has-text-align-left\" data-align=\"left\">16.00<\/td><td class=\"has-text-align-left\" data-align=\"left\">Ludmila \u010cern\u00e1<\/td><\/tr><tr><td class=\"has-text-align-left\" data-align=\"left\">2.<\/td><td class=\"has-text-align-left\" data-align=\"left\">\u00fater\u00fd<\/td><td class=\"has-text-align-left\" data-align=\"left\">16.00<\/td><td class=\"has-text-align-left\" data-align=\"left\">Dana Sk\u0159i\u010dkov\u00e1<\/td><\/tr><tr><td class=\"has-text-align-left\" data-align=\"left\">3.<\/td><td class=\"has-text-align-left\" data-align=\"left\">pond\u011bl\u00ed<\/td><td class=\"has-text-align-left\" data-align=\"left\">17.00<\/td><td class=\"has-text-align-left\" data-align=\"left\">Ludmila \u010cern\u00e1<br>Jana Pohorsk\u00e1<\/td><\/tr><tr><td class=\"has-text-align-left\" data-align=\"left\">4.<\/td><td class=\"has-text-align-left\" data-align=\"left\">\u010dtvrtek<\/td><td class=\"has-text-align-left\" data-align=\"left\">16.00<\/td><td class=\"has-text-align-left\" data-align=\"left\">o. Petr Ko\u0161uli\u010d<\/td><\/tr><tr><td class=\"has-text-align-left\" data-align=\"left\">5.<\/td><td class=\"has-text-align-left\" data-align=\"left\">\u00fater\u00fd<\/td><td class=\"has-text-align-left\" data-align=\"left\">17.00<\/td><td class=\"has-text-align-left\" data-align=\"left\">Marta Mo\u0161\u0165kov\u00e1<\/td><\/tr><tr><td class=\"has-text-align-left\" data-align=\"left\">6. + 7.<\/td><td class=\"has-text-align-left\" data-align=\"left\">\u010dtvrtek<\/td><td class=\"has-text-align-left\" data-align=\"left\">17.00<\/td><td class=\"has-text-align-left\" data-align=\"left\">Vladim\u00edr Malach<\/td><\/tr><tr><td class=\"has-text-align-left\" data-align=\"left\">8. a star\u0161\u00ed (fara)<\/td><td class=\"has-text-align-left\" data-align=\"left\">pond\u011bl\u00ed (1x za 14 dn\u00ed)<\/td><td class=\"has-text-align-left\" data-align=\"left\">19.00<\/td><td class=\"has-text-align-left\" data-align=\"left\">o. Petr Ko\u0161uli\u010d<\/td><\/tr><tr><td class=\"has-text-align-left\" data-align=\"left\">spol\u010do V\u0160 (fara)<\/td><td class=\"has-text-align-left\" data-align=\"left\">pond\u011bl\u00ed (1x za 14 dn\u00ed)<\/td><td class=\"has-text-align-left\" data-align=\"left\">20.00<\/td><td class=\"has-text-align-left\" data-align=\"left\"><\/td><\/tr><\/tbody><\/table><\/figure>\n<\/div>\n<\/div>\n\n\n\n<h4 class=\"wp-block-heading\">V\u00fduka bude prob\u00edhat od 17. 9. 2025 ve \u017elut\u00e9 u\u010debn\u011b u fary.<\/h4>\n\n\n\n<p>P\u0159ihl\u00e1\u0161ku odevzdejte na fa\u0159e nebo v prvn\u00edch hodin\u00e1ch v\u00fduky p\u0159\u00edmo pan\u00ed katechetce nebo panu katechetovi.<\/p>\n\n\n\n<div class=\"wp-block-file\"><a id=\"wp-block-file--media-ba48dcb0-92ea-40a6-aa0d-af16c69a2052\" href=\"https:\/\/www.farnostliskovec.cz\/wp-content\/uploads\/2024\/09\/VyukanabozenstvivefarnostiBrno.pdf\">Rozvrh v\u00fduky n\u00e1bo\u017eenstv\u00ed<\/a><\/div>\n\n\n\n<div class=\"wp-block-file\"><a id=\"wp-block-file--media-719ae8dc-3706-412b-9ab5-1d2ab89cea1a\" href=\"https:\/\/www.farnostliskovec.cz\/wp-content\/uploads\/2019\/08\/prihl_nabo.pdf\">P\u0159ihl\u00e1\u0161ka do n\u00e1bo\u017eenstv\u00ed<\/a><\/div>\n","protected":false},"excerpt":{"rendered":"<p>\u0160koln\u00ed rok 2025\/2026 t\u0159\u00edda den hodina katechet(k)a ove\u010dky pro p\u0159ed\u0161kol\u00e1ky st\u0159eda (sud\u00fd t\u00fdden) 16.00 Petra Vyhl\u00eddalov\u00e1 1. pond\u011bl\u00ed 16.00 Ludmila \u010cern\u00e1 2. \u00fater\u00fd 16.00 Dana Sk\u0159i\u010dkov\u00e1 3. pond\u011bl\u00ed 17.00 Ludmila \u010cern\u00e1Jana Pohorsk\u00e1 4. \u010dtvrtek 16.00 o. Petr Ko\u0161uli\u010d 5. \u00fater\u00fd 17.00 Marta Mo\u0161\u0165kov\u00e1 6. + 7. \u010dtvrtek 17.00 Vladim\u00edr Malach 8. a star\u0161\u00ed (fara) pond\u011bl\u00edContinue reading &rarr;<\/p>\n","protected":false},"author":1,"featured_media":0,"parent":32,"menu_order":1,"comment_status":"closed","ping_status":"closed","template":"","meta":{"footnotes":""},"class_list":["post-48","page","type-page","status-publish","hentry","no-thumb"],"_links":{"self":[{"href":"https:\/\/www.farnostliskovec.cz\/index.php?rest_route=\/wp\/v2\/pages\/48","targetHints":{"allow":["GET"]}}],"collection":[{"href":"https:\/\/www.farnostliskovec.cz\/index.php?rest_route=\/wp\/v2\/pages"}],"about":[{"href":"https:\/\/www.farnostliskovec.cz\/index.php?rest_route=\/wp\/v2\/types\/page"}],"author":[{"embeddable":true,"href":"https:\/\/www.farnostliskovec.cz\/index.php?rest_route=\/wp\/v2\/users\/1"}],"replies":[{"embeddable":true,"href":"https:\/\/www.farnostliskovec.cz\/index.php?rest_route=%2Fwp%2Fv2%2Fcomments&post=48"}],"version-history":[{"count":56,"href":"https:\/\/www.farnostliskovec.cz\/index.php?rest_route=\/wp\/v2\/pages\/48\/revisions"}],"predecessor-version":[{"id":4728,"href":"https:\/\/www.farnostliskovec.cz\/index.php?rest_route=\/wp\/v2\/pages\/48\/revisions\/4728"}],"up":[{"embeddable":true,"href":"https:\/\/www.farnostliskovec.cz\/index.php?rest_route=\/wp\/v2\/pages\/32"}],"wp:attachment":[{"href":"https:\/\/www.farnostliskovec.cz\/index.php?rest_route=%2Fwp%2Fv2%2Fmedia&parent=48"}],"curies":[{"name":"wp","href":"https:\/\/api.w.org\/{rel}","templated":true}]}}