{"id":58,"date":"2014-03-18T19:48:57","date_gmt":"2014-03-18T18:48:57","guid":{"rendered":"http:\/\/www.farnostliskovec.cz\/?page_id=58"},"modified":"2018-06-23T12:57:05","modified_gmt":"2018-06-23T11:57:05","slug":"pohreb-ci-kremacni-rozlouceni","status":"publish","type":"page","link":"https:\/\/www.farnostliskovec.cz\/?page_id=58","title":{"rendered":"Poh\u0159eb \u010di krema\u010dn\u00ed rozlou\u010den\u00ed"},"content":{"rendered":"<p>Term\u00edn poh\u0159bu \u010di krema\u010dn\u00edho rozlou\u010den\u00ed z\u00a0kostela je nutn\u00e9 nejprve domluvit s\u00a0kn\u011bzem. V\u00a0ned\u011bli a sv\u00e1tky se poh\u0159by v\u00a0kostele nekonaj\u00ed.<\/p>\n","protected":false},"excerpt":{"rendered":"<p>Term\u00edn poh\u0159bu \u010di krema\u010dn\u00edho rozlou\u010den\u00ed z\u00a0kostela je nutn\u00e9 nejprve domluvit s\u00a0kn\u011bzem. V\u00a0ned\u011bli a sv\u00e1tky se poh\u0159by v\u00a0kostele nekonaj\u00ed.<\/p>\n","protected":false},"author":1,"featured_media":0,"parent":1739,"menu_order":3,"comment_status":"closed","ping_status":"closed","template":"","meta":{"footnotes":""},"class_list":["post-58","page","type-page","status-publish","hentry","no-thumb"],"_links":{"self":[{"href":"https:\/\/www.farnostliskovec.cz\/index.php?rest_route=\/wp\/v2\/pages\/58","targetHints":{"allow":["GET"]}}],"collection":[{"href":"https:\/\/www.farnostliskovec.cz\/index.php?rest_route=\/wp\/v2\/pages"}],"about":[{"href":"https:\/\/www.farnostliskovec.cz\/index.php?rest_route=\/wp\/v2\/types\/page"}],"author":[{"embeddable":true,"href":"https:\/\/www.farnostliskovec.cz\/index.php?rest_route=\/wp\/v2\/users\/1"}],"replies":[{"embeddable":true,"href":"https:\/\/www.farnostliskovec.cz\/index.php?rest_route=%2Fwp%2Fv2%2Fcomments&post=58"}],"version-history":[{"count":3,"href":"https:\/\/www.farnostliskovec.cz\/index.php?rest_route=\/wp\/v2\/pages\/58\/revisions"}],"predecessor-version":[{"id":94,"href":"https:\/\/www.farnostliskovec.cz\/index.php?rest_route=\/wp\/v2\/pages\/58\/revisions\/94"}],"up":[{"embeddable":true,"href":"https:\/\/www.farnostliskovec.cz\/index.php?rest_route=\/wp\/v2\/pages\/1739"}],"wp:attachment":[{"href":"https:\/\/www.farnostliskovec.cz\/index.php?rest_route=%2Fwp%2Fv2%2Fmedia&parent=58"}],"curies":[{"name":"wp","href":"https:\/\/api.w.org\/{rel}","templated":true}]}}