{"id":6,"date":"2014-03-18T18:46:34","date_gmt":"2014-03-18T17:46:34","guid":{"rendered":"http:\/\/www.farnostliskovec.cz\/?page_id=6"},"modified":"2025-04-08T22:30:48","modified_gmt":"2025-04-08T21:30:48","slug":"bohosluzby","status":"publish","type":"page","link":"https:\/\/www.farnostliskovec.cz\/?page_id=6","title":{"rendered":"Bohoslu\u017eby"},"content":{"rendered":"\n<p>Aktu\u00e1ln\u00ed informace a po\u0159ad bohoslu\u017eeb najdete <a href=\"https:\/\/www.farnostliskovec.cz\/?page_id=100\">v ohl\u00e1\u0161k\u00e1ch<\/a>.<\/p>\n\n\n\n<h3 class=\"wp-block-heading\">Farn\u00ed kostel sv. Jana Nepomuck\u00e9ho<\/h3>\n\n\n\n<figure class=\"wp-block-table is-style-stripes\"><table><tbody><tr><td>pond\u011bl\u00ed (jen ve \u0161k. roce), \u010dtvrtek, p\u00e1tek<\/td><td>18.00 hod.<\/td><\/tr><tr><td>st\u0159eda (ve \u0161k. roce pro d\u011bti)<\/td><td>17.30 hod.<\/td><\/tr><tr><td>sobota (krom\u011b 1. soboty v m\u011bs\u00edci)<\/td><td>8.00 hod.<\/td><\/tr><tr><td>ned\u011ble<\/td><td>7.30 hod., 9.30 hod.<\/td><\/tr><\/tbody><\/table><\/figure>\n\n\n\n<h3 class=\"wp-block-heading\">Farn\u00ed kostel sv. Jana Nepomuck\u00e9ho<\/h3>\n\n\n\n<p>1. sobota v m\u011bs\u00edci v 18.00 hod.<\/p>\n\n\n\n<h3 class=\"wp-block-heading\">Domov pro seniory na Mikul\u00e1\u0161kov\u011b n\u00e1m.<\/h3>\n\n\n\n<p>1. p\u00e1tek v m\u011bs\u00edci v 10.00 hod.<\/p>\n\n\n\n<h3 class=\"wp-block-heading\">Domov pro seniory Kosmonaut\u016f<\/h3>\n\n\n\n<p>1. st\u0159eda v m\u011bs\u00edci v 10.00 hod.<\/p>\n\n\n\n<h3 class=\"wp-block-heading\">Domov pro seniory Nad\u011bje<\/h3>\n\n\n\n<p>1. pond\u011bl\u00ed v m\u011bs\u00edci v 10.00 hod.<\/p>\n","protected":false},"excerpt":{"rendered":"<p>Aktu\u00e1ln\u00ed informace a po\u0159ad bohoslu\u017eeb najdete v ohl\u00e1\u0161k\u00e1ch. Farn\u00ed kostel sv. Jana Nepomuck\u00e9ho pond\u011bl\u00ed (jen ve \u0161k. roce), \u010dtvrtek, p\u00e1tek 18.00 hod. st\u0159eda (ve \u0161k. roce pro d\u011bti) 17.30 hod. sobota (krom\u011b 1. soboty v m\u011bs\u00edci) 8.00 hod. ned\u011ble 7.30 hod., 9.30 hod. Farn\u00ed kostel sv. Jana Nepomuck\u00e9ho 1. sobota v m\u011bs\u00edci v 18.00 hod.Continue reading &rarr;<\/p>\n","protected":false},"author":1,"featured_media":0,"parent":1739,"menu_order":2,"comment_status":"closed","ping_status":"closed","template":"","meta":{"footnotes":""},"class_list":["post-6","page","type-page","status-publish","hentry","no-thumb"],"_links":{"self":[{"href":"https:\/\/www.farnostliskovec.cz\/index.php?rest_route=\/wp\/v2\/pages\/6","targetHints":{"allow":["GET"]}}],"collection":[{"href":"https:\/\/www.farnostliskovec.cz\/index.php?rest_route=\/wp\/v2\/pages"}],"about":[{"href":"https:\/\/www.farnostliskovec.cz\/index.php?rest_route=\/wp\/v2\/types\/page"}],"author":[{"embeddable":true,"href":"https:\/\/www.farnostliskovec.cz\/index.php?rest_route=\/wp\/v2\/users\/1"}],"replies":[{"embeddable":true,"href":"https:\/\/www.farnostliskovec.cz\/index.php?rest_route=%2Fwp%2Fv2%2Fcomments&post=6"}],"version-history":[{"count":14,"href":"https:\/\/www.farnostliskovec.cz\/index.php?rest_route=\/wp\/v2\/pages\/6\/revisions"}],"predecessor-version":[{"id":4632,"href":"https:\/\/www.farnostliskovec.cz\/index.php?rest_route=\/wp\/v2\/pages\/6\/revisions\/4632"}],"up":[{"embeddable":true,"href":"https:\/\/www.farnostliskovec.cz\/index.php?rest_route=\/wp\/v2\/pages\/1739"}],"wp:attachment":[{"href":"https:\/\/www.farnostliskovec.cz\/index.php?rest_route=%2Fwp%2Fv2%2Fmedia&parent=6"}],"curies":[{"name":"wp","href":"https:\/\/api.w.org\/{rel}","templated":true}]}}