{"id":60,"date":"2014-03-18T19:49:09","date_gmt":"2014-03-18T18:49:09","guid":{"rendered":"http:\/\/www.farnostliskovec.cz\/?page_id=60"},"modified":"2019-02-02T16:46:34","modified_gmt":"2019-02-02T15:46:34","slug":"mse-svata-na-umysl-darce-intence","status":"publish","type":"page","link":"https:\/\/www.farnostliskovec.cz\/?page_id=60","title":{"rendered":"M\u0161e svat\u00e1 na \u00famysl d\u00e1rce (intence)"},"content":{"rendered":"<p>Zapisov\u00e1n\u00ed vlastn\u00edch \u00famysl\u016f se v\u017edy d\u011bl\u00e1 na \u010dtvrt roku dop\u0159edu. Term\u00edn zapisov\u00e1n\u00ed je ohl\u00e1\u0161en v\u017edy p\u0159edchoz\u00ed ned\u011bli p\u0159i ohl\u00e1\u0161k\u00e1ch na m\u0161i svat\u00e9.\u00a0Ka\u017edou ned\u011bli je jedna m\u0161e svat\u00e1 slou\u017eena na \u00famysl za farn\u00edky.\u00a0<\/p>\n\n\n<h3 class=\"wp-block-heading\">Co je me\u0161n\u00ed intence?<\/h3>\n\n\n\n<p>Me\u0161n\u00ed intence je \u00famysl, se kter\u00fdm kn\u011bz slav\u00ed m\u0161i svatou. V tradici c\u00edrkve bylo ustanoveno, \u017ee \u00famysl nevyb\u00edr\u00e1 jen kn\u011bz, ale m\u016f\u017ee b\u00fdt k n\u011bmu vyb\u00eddnut\u00fd ostatn\u00edmi bratry ve v\u00ed\u0159e.<\/p>\n\n\n\n<p>S me\u0161n\u00edmi \u00famysly je spojeno tak\u00e9 me\u0161n\u00ed stipendium, finan\u010dn\u00ed p\u0159\u00edsp\u011bvek kn\u011bzi za odslou\u017eenou m\u0161i s \u00famyslem d\u00e1rce. Stipendium nevyjad\u0159uje cenu m\u0161e, ale v\u016fli d\u00e1rce podpo\u0159it \u017eivot kn\u011bze. Kodex kanonick\u00e9ho pr\u00e1va stanov\u00ed, \u017ee me\u0161n\u00ed stipendium by m\u011blo odpov\u00eddat \u201edenn\u00edm v\u00fddaj\u016fm na \u017eivobyt\u00ed kn\u011bze\u201c, podm\u00ednky jsou stanoveny m\u00edstn\u00edm biskupem.<\/p>\n","protected":false},"excerpt":{"rendered":"<p>Zapisov\u00e1n\u00ed vlastn\u00edch \u00famysl\u016f se v\u017edy d\u011bl\u00e1 na \u010dtvrt roku dop\u0159edu. Term\u00edn zapisov\u00e1n\u00ed je ohl\u00e1\u0161en v\u017edy p\u0159edchoz\u00ed ned\u011bli p\u0159i ohl\u00e1\u0161k\u00e1ch na m\u0161i svat\u00e9.\u00a0Ka\u017edou ned\u011bli je jedna m\u0161e svat\u00e1 slou\u017eena na \u00famysl za farn\u00edky.\u00a0 Co je me\u0161n\u00ed intence? Me\u0161n\u00ed intence je \u00famysl, se kter\u00fdm kn\u011bz slav\u00ed m\u0161i svatou. V tradici c\u00edrkve bylo ustanoveno, \u017ee \u00famysl nevyb\u00edr\u00e1 jenContinue reading &rarr;<\/p>\n","protected":false},"author":1,"featured_media":0,"parent":1739,"menu_order":4,"comment_status":"closed","ping_status":"closed","template":"","meta":{"footnotes":""},"class_list":["post-60","page","type-page","status-publish","hentry","no-thumb"],"_links":{"self":[{"href":"https:\/\/www.farnostliskovec.cz\/index.php?rest_route=\/wp\/v2\/pages\/60","targetHints":{"allow":["GET"]}}],"collection":[{"href":"https:\/\/www.farnostliskovec.cz\/index.php?rest_route=\/wp\/v2\/pages"}],"about":[{"href":"https:\/\/www.farnostliskovec.cz\/index.php?rest_route=\/wp\/v2\/types\/page"}],"author":[{"embeddable":true,"href":"https:\/\/www.farnostliskovec.cz\/index.php?rest_route=\/wp\/v2\/users\/1"}],"replies":[{"embeddable":true,"href":"https:\/\/www.farnostliskovec.cz\/index.php?rest_route=%2Fwp%2Fv2%2Fcomments&post=60"}],"version-history":[{"count":3,"href":"https:\/\/www.farnostliskovec.cz\/index.php?rest_route=\/wp\/v2\/pages\/60\/revisions"}],"predecessor-version":[{"id":2262,"href":"https:\/\/www.farnostliskovec.cz\/index.php?rest_route=\/wp\/v2\/pages\/60\/revisions\/2262"}],"up":[{"embeddable":true,"href":"https:\/\/www.farnostliskovec.cz\/index.php?rest_route=\/wp\/v2\/pages\/1739"}],"wp:attachment":[{"href":"https:\/\/www.farnostliskovec.cz\/index.php?rest_route=%2Fwp%2Fv2%2Fmedia&parent=60"}],"curies":[{"name":"wp","href":"https:\/\/api.w.org\/{rel}","templated":true}]}}