{"id":9,"date":"2014-03-18T18:49:33","date_gmt":"2014-03-18T17:49:33","guid":{"rendered":"http:\/\/www.farnostliskovec.cz\/?page_id=9"},"modified":"2025-10-22T14:07:39","modified_gmt":"2025-10-22T13:07:39","slug":"o-farnosti","status":"publish","type":"page","link":"https:\/\/www.farnostliskovec.cz\/?page_id=9","title":{"rendered":"O farnosti"},"content":{"rendered":"<p>\u0158\u00edmskokatolick\u00e1 farnost u kostela sv. Jana Nepomuck\u00e9ho, Brno-L\u00edskovec pat\u0159\u00ed \u00fazemn\u011b do d\u011bkanstv\u00ed brn\u011bnsk\u00e9ho, nach\u00e1z\u00ed se v jihoz\u00e1padn\u00ed \u010d\u00e1sti m\u011bsta Brna a zahrnuje m\u011bstsk\u00e9 \u010d\u00e1sti Brno\u2013Star\u00fd L\u00edskovec a Brno\u2013Bohunice.<\/p>\n<h2>\u00dazemn\u00ed vymezen\u00ed farnosti<\/h2>\n<p>Ka\u017ed\u00e1 farnost je vymezena bu\u010f teritori\u00e1ln\u011b nebo person\u00e1ln\u011b. Na\u0161e farnost m\u00e1 \u00fazemn\u00ed charakter (pat\u0159\u00ed mezi teritori\u00e1ln\u00ed farnosti), co\u017e znamen\u00e1, \u017ee jej\u00edmi \u010dleny jsou v\u0161ichni katol\u00edci maj\u00edc\u00ed kanonick\u00e9 trval\u00e9 (tedy m\u00edsto pobytu del\u0161\u00ed ne\u017e 3 m\u011bs\u00edce) nebo p\u0159echodn\u00e9 (m\u00edsto pobytu krat\u0161\u00ed ne\u017e 3. m\u011bs\u00edce) bydli\u0161t\u011b na \u00fazem\u00ed farnosti. Proto zde uv\u00e1d\u00edme n\u00e1sleduj\u00edc\u00ed seznam:<\/p>\n<p><strong>Seznam ulic n\u00e1le\u017eej\u00edc\u00edch do farnosti Brno\u2013Star\u00fd L\u00edskovec a Bohunice<\/strong><\/p>\n<table>\n<tbody>\n<tr>\n<td>\n<ul>\n<li>Amerlingova<\/li>\n<li>Arm\u00e9nsk\u00e1<\/li>\n<li>B\u011blorusk\u00e1<\/li>\n<li>B\u00edte\u0161sk\u00e1<\/li>\n<li>Bohu\u0148ova<\/li>\n<li>Bosono\u017esk\u00e1<\/li>\n<li>\u010ce\u0148ka R\u016f\u017ei\u010dky<\/li>\n<li>\u010cerm\u00e1kova<\/li>\n<li>Dlouh\u00e1<\/li>\n<li>Dunajsk\u00e1<\/li>\n<li>Dvo\u0159i\u0161t\u011b<\/li>\n<li>Eli\u0161ky P\u0159emyslovny<\/li>\n<li>Gruz\u00ednsk\u00e1<\/li>\n<li>Havelkova<\/li>\n<li>Hermannova<\/li>\n<li>Hrani\u010dky<\/li>\n<li>Humenn\u00e1<\/li>\n<li>Irkutsk\u00e1<\/li>\n<li>Jemelkova<\/li>\n<li>Jihlavsk\u00e1 2 \u2013 22<\/li>\n<li>Kamenice<\/li>\n<li>Karpatsk\u00e1<\/li>\n<li>Kejbaly<\/li>\n<li>Klob\u00e1sova<\/li>\n<li>Kroupova<\/li>\n<\/ul>\n<\/td>\n<td>\n<ul>\n<li>Krymsk\u00e1<\/li>\n<li>Kursk\u00e1<\/li>\n<li>Kyjevsk\u00e1<\/li>\n<li>Labsk\u00e1<\/li>\n<li>L\u00e1ny<\/li>\n<li>L\u00edskoveck\u00e1<\/li>\n<li>M\u00e1chalova<\/li>\n<li>Male\u0161ovsk\u00e1<\/li>\n<li>Malostransk\u00e1<\/li>\n<li>Martina \u0160ev\u010d\u00edka<\/li>\n<li>Mikul\u00e1\u0161kovo n\u00e1m\u011bst\u00ed<\/li>\n<li>Moldavsk\u00e1<\/li>\n<li>Na p\u00edskov\u00e9 cest\u011b<\/li>\n<li>Netroufalky<\/li>\n<li>Neu\u017eilova<\/li>\n<li>Odersk\u00e1<\/li>\n<li>Okrouhl\u00e1<\/li>\n<li>Osov\u00e1<\/li>\n<li>Palachovo n\u00e1m.<\/li>\n<li>Pod nemocnic\u00ed<\/li>\n<li>Podsedky<\/li>\n<li>P\u0159\u00ed\u010dky<\/li>\n<li>P\u0161ikalova<\/li>\n<li>Rolnick\u00e1<\/li>\n<li>Sevastopolsk\u00e1<\/li>\n<\/ul>\n<\/td>\n<td>\n<ul>\n<li>Sobolova<\/li>\n<li>Souhrady<\/li>\n<li>Spodn\u00ed<\/li>\n<li>Studentsk\u00e1<\/li>\n<li>Svah<\/li>\n<li>\u0160oustalova<\/li>\n<li>\u0160vermova<\/li>\n<li>To\u010dn\u00e1<\/li>\n<li>T\u0159\u00ed\u010dtvrtn\u00ed<\/li>\n<li>U H\u0159i\u0161t\u011b<\/li>\n<li>U Penzionu<\/li>\n<li>U Leskavy<\/li>\n<li>U Po\u0161ty<\/li>\n<li>Ukrajinsk\u00e1<\/li>\n<li>ulice Kosmonaut\u016f<\/li>\n<li>Uzbeck\u00e1<\/li>\n<li>Vala\u0161sk\u00e1<\/li>\n<li>Vedlej\u0161\u00ed<\/li>\n<li>Vltavsk\u00e1<\/li>\n<li>Vohnoutova<\/li>\n<li>Vyhl\u00eddalova<\/li>\n<li>Za kov\u00e1rnou<\/li>\n<li>Zadn\u00ed<\/li>\n<li>\u017dl\u00edbek<\/li>\n<\/ul>\n<\/td>\n<\/tr>\n<\/tbody>\n<\/table>\n<h2>Okoln\u00ed farnosti<\/h2>\n<ul>\n<li>Augustini\u00e1nsk\u00e9 opatstv\u00ed na Star\u00e9m Brn\u011b<br \/>\n<a href=\"https:\/\/www.opatstvibrno.cz\/\">www.opatstvibrno.cz<\/a><\/li>\n<li>Brno\u2013Kom\u00e1rov (Star\u00e9 \u010cernovice, Doln\u00ed Her\u0161pice, Horn\u00ed Her\u0161pice)<br \/>\n<a href=\"https:\/\/www.farnost-komarov.cz\/\">www.farnost-komarov.cz<\/a><\/li>\n<li>Troubsko (Brno\u2013Bosonohy, Ostopovice, Pop\u016fvky, Troubsko)<br \/>\n<a href=\"https:\/\/farnost.troubsko.cz\/\">farnost.troubsko.cz<\/a><\/li>\n<\/ul>\n<h2>Odkazy:<\/h2>\n<ul>\n<li>Bohoslu\u017eby v\u00a0kostel\u00edch, nemocnic\u00edch a soci\u00e1ln\u00edch \u00fastavech Brna a okol\u00ed<br \/>\n<a href=\"https:\/\/kaplan-nemocnice.cz\/kontakty-na-nemocnicni-kaplany\/brno\/\">kaplan-nemocnice.cz<\/a><\/li>\n<li>Brn\u011bnsk\u00e1 diec\u00e9ze<br \/>\n<a href=\"https:\/\/www.biskupstvi.cz\/\">biskupstvi.cz<\/a><\/li>\n<li>D\u011bkanstv\u00ed brn\u011bnsk\u00e9<br \/>\n<a href=\"https:\/\/www.svatyjakub.cz\/\">svatyjakub.cz<\/a><\/li>\n<\/ul>\n<h2>Slu\u017eba v nemocnici, v\u011bznici a domov\u011b d\u016fchodc\u016f<\/h2>\n<p>Kn\u011bzem pov\u011b\u0159en\u00fdm koordinac\u00ed\u00a0<a href=\"https:\/\/www.biskupstvi.cz\/cs\/nemocnice\"><strong>pastorace v nemocnic\u00edch<\/strong><\/a> je P. ThLic. Leo Zerhau, Th.D. (nep\u0159etr\u017eit\u00e1 slu\u017eba 602 582 459,\u00a0<a href=\"mailto:p.leo@katolik.cz\">p.leo@katolik.cz<\/a>).<\/p>\n<p>Koordin\u00e1torem <a href=\"https:\/\/www.biskupstvi.cz\/cs\/veznice\"><strong>pastorace ve v\u011bznic\u00edch<\/strong><\/a> na \u00fazem\u00ed brn\u011bnsk\u00e9 diec\u00e9ze je j\u00e1hen Mgr. Ladislav Kinc \u2013 tel. 516 463 333, e-mail <a href=\"mailto:kinc@dieceze.cz\">kinc@dieceze.cz<\/a>.<\/p>\n<p><strong>Bohoslu\u017eby &#8211; Fakultn\u00ed nemocnice Brno-Bohunice, Jihlavsk\u00e1 20, budova L, 2. patro, nemocni\u010dn\u00ed kaple sv. Ane\u017eky \u010cesk\u00e9<\/strong><\/p>\n<p>st\u0159eda v 16.00 hod.<br \/>\nned\u011ble v 9.30 hod.<\/p>\n<p><strong>Bohoslu\u017eby v duchovn\u00ed spr\u00e1v\u011b farnosti:<\/strong><\/p>\n<p>&#8211; <strong>Domov pro seniory, Nad\u011bje<\/strong>, <strong>Brno &#8211; Bohunice<\/strong><\/p>\n<ol>\n<li>pond\u011bl\u00ed v m\u011bs\u00edci v 10.00 hod. bohoslu\u017eba, pot\u00e9 n\u00e1v\u0161t\u011bva imobiln\u00edch klient\u016f.<\/li>\n<\/ol>\n<p>&#8211; <strong>Domov pro seniory<\/strong>, <strong>ul. Kosmonaut\u016f, Brno &#8211; Star\u00fd L\u00edskovec<\/strong><\/p>\n<ol>\n<li>st\u0159eda v m\u011bs\u00edci v 10:00 hod. bohoslu\u017eba, pot\u00e9 n\u00e1v\u0161t\u011bva imobiln\u00edch klient\u016f.<\/li>\n<\/ol>\n<p>&#8211;\u00a0<strong>Domov pro seniory, Mikul\u00e1\u0161kovo n\u00e1m., Brno\u2013Star\u00fd L\u00edskovec<\/strong><\/p>\n<ol>\n<li>p\u00e1tek v m\u011bs\u00edci v 10.00 hod. bohoslu\u017eba, pot\u00e9 n\u00e1v\u0161t\u011bva imobiln\u00edch klient\u016f.<\/li>\n<\/ol>\n<p>V\u00edce na <a href=\"https:\/\/www.biskupstvi.cz\/cs\/nase-cinnost\">https:\/\/www.biskupstvi.cz\/cs\/nase-cinnost<\/a>.<\/p>\n","protected":false},"excerpt":{"rendered":"<p>\u0158\u00edmskokatolick\u00e1 farnost u kostela sv. Jana Nepomuck\u00e9ho, Brno-L\u00edskovec pat\u0159\u00ed \u00fazemn\u011b do d\u011bkanstv\u00ed brn\u011bnsk\u00e9ho, nach\u00e1z\u00ed se v jihoz\u00e1padn\u00ed \u010d\u00e1sti m\u011bsta Brna a zahrnuje m\u011bstsk\u00e9 \u010d\u00e1sti Brno\u2013Star\u00fd L\u00edskovec a Brno\u2013Bohunice. \u00dazemn\u00ed vymezen\u00ed farnosti Ka\u017ed\u00e1 farnost je vymezena bu\u010f teritori\u00e1ln\u011b nebo person\u00e1ln\u011b. Na\u0161e farnost m\u00e1 \u00fazemn\u00ed charakter (pat\u0159\u00ed mezi teritori\u00e1ln\u00ed farnosti), co\u017e znamen\u00e1, \u017ee jej\u00edmi \u010dleny jsou v\u0161ichniContinue reading &rarr;<\/p>\n","protected":false},"author":1,"featured_media":0,"parent":0,"menu_order":5,"comment_status":"closed","ping_status":"closed","template":"","meta":{"footnotes":""},"class_list":["post-9","page","type-page","status-publish","hentry","no-thumb"],"_links":{"self":[{"href":"https:\/\/www.farnostliskovec.cz\/index.php?rest_route=\/wp\/v2\/pages\/9","targetHints":{"allow":["GET"]}}],"collection":[{"href":"https:\/\/www.farnostliskovec.cz\/index.php?rest_route=\/wp\/v2\/pages"}],"about":[{"href":"https:\/\/www.farnostliskovec.cz\/index.php?rest_route=\/wp\/v2\/types\/page"}],"author":[{"embeddable":true,"href":"https:\/\/www.farnostliskovec.cz\/index.php?rest_route=\/wp\/v2\/users\/1"}],"replies":[{"embeddable":true,"href":"https:\/\/www.farnostliskovec.cz\/index.php?rest_route=%2Fwp%2Fv2%2Fcomments&post=9"}],"version-history":[{"count":23,"href":"https:\/\/www.farnostliskovec.cz\/index.php?rest_route=\/wp\/v2\/pages\/9\/revisions"}],"predecessor-version":[{"id":4761,"href":"https:\/\/www.farnostliskovec.cz\/index.php?rest_route=\/wp\/v2\/pages\/9\/revisions\/4761"}],"wp:attachment":[{"href":"https:\/\/www.farnostliskovec.cz\/index.php?rest_route=%2Fwp%2Fv2%2Fmedia&parent=9"}],"curies":[{"name":"wp","href":"https:\/\/api.w.org\/{rel}","templated":true}]}}